{"id":593,"date":"2024-06-04T12:10:45","date_gmt":"2024-06-04T10:10:45","guid":{"rendered":"https:\/\/staging.denlab.dk\/ansvarlighed\/"},"modified":"2024-09-26T13:50:38","modified_gmt":"2024-09-26T11:50:38","slug":"verantwortung","status":"publish","type":"page","link":"https:\/\/denlab.dk\/de\/verantwortung\/","title":{"rendered":"Verantwortung"},"content":{"rendered":"<div>\n<p>    <img decoding=\"async\" src=\"\/wp-content\/uploads\/2024\/09\/R6M24217.jpg\" alt=\"\"><\/p>\n<h3>Inklusion und M\u00f6glichkeiten f\u00fcr Alle<\/h3>\n<p>Soziale Verantwortung<\/p>\n<\/div>\n<div>\n<h3>Einf\u00fchrung in soziale Verantwortung<\/h3>\n<div>Bei DenLAB glauben wir, dass jeder die Chance verdient, zur Gemeinschaft beizutragen und ein sinnvolles Leben zu f\u00fchren. Deshalb haben wir es zu einem unserer Grundwerte gemacht, soziale Verantwortung zu \u00fcbernehmen, indem wir aktiv Menschen einstellen, die am Rande des Arbeitsmarktes stehen.<\/div>\n<\/div>\n<div>\n<h3>Verst\u00e4ndnis f\u00fcr die Herausforderungen des Lebens<\/h3>\n<div>\n<p>Wir verstehen, dass das Leben unerwartete Wendungen nehmen kann, die auf viele verschiedene Ursachen zur\u00fcckzuf\u00fchren sind. Bei DenLAB sehen wir dies nicht als Barriere, sondern als Chance, einen echten Unterschied zu machen.<\/p>\n<p>Dieser Ansatz kommt nicht nur unseren Mitarbeitern zugute, sondern auch unserem Unternehmen und der Gesellschaft als Ganzes. Durch die F\u00f6rderung von Vielfalt und Inklusion schaffen wir einen dynamischeren Arbeitsplatz, der reich an unterschiedlichen Perspektiven und Erfahrungen ist. Dies tr\u00e4gt nicht nur zu einer besseren Unternehmenskultur bei, sondern st\u00e4rkt auch die Beziehungen zu unseren Kunden und Partnern.<\/p>\n<\/div>\n<\/div>\n<div>\n<h3>DenLABs Kernwert<\/h3>\n<div>\n<p>Bei DenLAB ist soziale Verantwortung nicht nur eine Strategie \u2013 sie ist ein grundlegender Teil unserer DNA. Wir sind stolz darauf, einen Unterschied machen zu k\u00f6nnen, und setzen unsere Arbeit fort, um einen Arbeitsmarkt zu schaffen, in dem f\u00fcr alle Platz ist.<\/p>\n<\/div>\n<\/div>\n<p><!--more--><br \/>\n<!-- {\"type\":\"layout\",\"children\":[{\"type\":\"section\",\"props\":{\"divider_height\":\"120\",\"divider_layers_gap\":\"5\",\"divider_layers_opacity\":\"0.5\",\"divider_position\":\"top\",\"divider_responsive\":true,\"divider_shadow_blur_radius\":\"5\",\"divider_shadow_color\":\"#00000080\",\"divider_shadow_offset_x\":\"0\",\"divider_shadow_offset_y\":\"5\",\"divider_width\":\"100\",\"header_transparent\":true,\"header_transparent_noplaceholder\":true,\"image_position\":\"center-center\",\"padding\":\"none\",\"padding_custom_bottom\":\"70\",\"padding_custom_top\":\"70\",\"style\":\"default\",\"style_custom_color\":\"#ccc\",\"title_breakpoint\":\"xl\",\"title_position\":\"top-left\",\"title_rotation\":\"left\",\"vertical_align\":\"middle\",\"width\":\"\"},\"children\":[{\"type\":\"row\",\"children\":[{\"type\":\"column\",\"props\":{\"image_position\":\"center-center\",\"position_sticky_breakpoint\":\"m\"},\"children\":[{\"type\":\"slideshow\",\"props\":{\"link_style\":\"default\",\"link_text\":\"Read more\",\"margin\":\"default\",\"meta_align\":\"above-title\",\"meta_color\":\"primary\",\"meta_element\":\"div\",\"meta_style\":\"h3\",\"nav\":\"\",\"nav_align\":\"center\",\"nav_breakpoint\":\"s\",\"nav_position\":\"bottom-center\",\"nav_position_margin\":\"medium\",\"overlay_animation\":\"scale-up\",\"overlay_margin\":\"large\",\"overlay_position\":\"bottom-center\",\"show_content\":true,\"show_link\":true,\"show_meta\":true,\"show_thumbnail\":true,\"show_title\":true,\"slidenav\":\"\",\"slidenav_breakpoint\":\"s\",\"slidenav_margin\":\"medium\",\"slidenav_outside_breakpoint\":\"xl\",\"slideshow_autoplay_pause\":true,\"slideshow_height\":\"viewport\",\"slideshow_height_offset_top\":false,\"slideshow_height_viewport\":80,\"slideshow_kenburns\":\"alternate\",\"slideshow_min_height\":300,\"slideshow_parallax\":false,\"text_align\":\"center\",\"thumbnav_height\":\"75\",\"thumbnav_svg_color\":\"emphasis\",\"thumbnav_width\":\"100\",\"title_element\":\"h3\",\"title_margin\":\"small\",\"title_style\":\"heading-medium\"},\"children\":[{\"type\":\"slideshow_item\",\"props\":{\"image\":\"wp-content\\\/uploads\\\/2024\\\/09\\\/R6M24217.jpg\",\"media_overlay\":\"rgba(0, 0, 0, 0.4)\",\"meta\":\"Soziale Verantwortung\",\"text_color\":\"light\",\"title\":\"Inklusion und M\\u00f6glichkeiten f\\u00fcr Alle\"}}]}]}]}],\"name\":\"Hero v2\"},{\"type\":\"section\",\"props\":{\"divider_height\":\"120\",\"divider_layers_gap\":\"5\",\"divider_layers_opacity\":\"0.5\",\"divider_position\":\"top\",\"divider_responsive\":true,\"divider_shadow_blur_radius\":\"5\",\"divider_shadow_color\":\"#00000080\",\"divider_shadow_offset_x\":\"0\",\"divider_shadow_offset_y\":\"5\",\"divider_width\":\"100\",\"image_position\":\"center-center\",\"padding\":\"large\",\"padding_custom_bottom\":\"70\",\"padding_custom_top\":\"70\",\"style\":\"default\",\"style_custom_color\":\"#ccc\",\"title_breakpoint\":\"xl\",\"title_position\":\"top-left\",\"title_rotation\":\"left\",\"vertical_align\":\"middle\",\"width\":\"default\"},\"children\":[{\"type\":\"row\",\"children\":[{\"type\":\"column\",\"props\":{\"image_position\":\"center-center\",\"position_sticky_breakpoint\":\"m\"},\"children\":[{\"type\":\"panel\",\"props\":{\"block_align\":\"center\",\"content\":\"Bei DenLAB glauben wir, dass jeder die Chance verdient, zur Gemeinschaft beizutragen und ein sinnvolles Leben zu f\\u00fchren. Deshalb haben wir es zu einem unserer Grundwerte gemacht, soziale Verantwortung zu \\u00fcbernehmen, indem wir aktiv Menschen einstellen, die am Rande des Arbeitsmarktes stehen.\",\"content_column_breakpoint\":\"m\",\"icon\":\"tablericons--user-heart\",\"icon_color\":\"primary\",\"icon_width\":\"125\",\"image_align\":\"top\",\"image_grid_breakpoint\":\"m\",\"image_grid_width\":\"1-2\",\"image_svg_color\":\"emphasis\",\"link_style\":\"primary\",\"link_text\":\"\",\"margin\":\"default\",\"maxwidth\":\"xlarge\",\"meta_align\":\"below-title\",\"meta_element\":\"div\",\"meta_style\":\"text-meta\",\"text_align\":\"center\",\"title\":\"Einf\\u00fchrung in soziale Verantwortung\",\"title_align\":\"top\",\"title_element\":\"h3\",\"title_grid_breakpoint\":\"m\",\"title_grid_width\":\"1-2\",\"title_hover_style\":\"reset\",\"title_style\":\"h2\"}}]}]}],\"name\":\"120924-2\"},{\"type\":\"section\",\"props\":{\"divider_height\":\"120\",\"divider_layers_gap\":\"5\",\"divider_layers_opacity\":\"0.5\",\"divider_position\":\"top\",\"divider_responsive\":true,\"divider_shadow_blur_radius\":\"5\",\"divider_shadow_color\":\"#00000080\",\"divider_shadow_offset_x\":\"0\",\"divider_shadow_offset_y\":\"5\",\"divider_width\":\"100\",\"image_position\":\"center-center\",\"image_size\":\"cover\",\"image_width\":2500,\"media_overlay\":\"rgba(0, 0, 0, 0.29)\",\"padding\":\"large\",\"padding_custom_bottom\":\"70\",\"padding_custom_top\":\"70\",\"style\":\"muted\",\"style_custom_color\":\"#ccc\",\"title_breakpoint\":\"xl\",\"title_position\":\"top-left\",\"title_rotation\":\"left\",\"vertical_align\":\"middle\",\"width\":\"default\"},\"children\":[{\"type\":\"row\",\"children\":[{\"type\":\"column\",\"props\":{\"image_position\":\"center-center\",\"position_sticky_breakpoint\":\"m\"},\"children\":[{\"type\":\"panel\",\"props\":{\"block_align\":\"center\",\"content\":\"\n\n<p>Wir verstehen, dass das Leben unerwartete Wendungen nehmen kann, die auf viele verschiedene Ursachen zur\\u00fcckzuf\\u00fchren sind. Bei DenLAB sehen wir dies nicht als Barriere, sondern als Chance, einen echten Unterschied zu machen.<\\\/p>\\n\n\n<p>Dieser Ansatz kommt nicht nur unseren Mitarbeitern zugute, sondern auch unserem Unternehmen und der Gesellschaft als Ganzes. Durch die F\\u00f6rderung von Vielfalt und Inklusion schaffen wir einen dynamischeren Arbeitsplatz, der reich an unterschiedlichen Perspektiven und Erfahrungen ist. Dies tr\\u00e4gt nicht nur zu einer besseren Unternehmenskultur bei, sondern st\\u00e4rkt auch die Beziehungen zu unseren Kunden und Partnern.<\\\/p>\",\"content_column_breakpoint\":\"m\",\"icon\":\"tablericons--stairs\",\"icon_color\":\"primary\",\"icon_width\":\"125\",\"image_align\":\"top\",\"image_grid_breakpoint\":\"m\",\"image_grid_width\":\"1-2\",\"image_svg_color\":\"emphasis\",\"link_style\":\"primary\",\"link_text\":\"L\\u00e6s mere\",\"margin\":\"default\",\"maxwidth\":\"xlarge\",\"meta_align\":\"below-title\",\"meta_element\":\"div\",\"meta_style\":\"text-meta\",\"text_align\":\"center\",\"title\":\"Verst\\u00e4ndnis f\\u00fcr die Herausforderungen des Lebens\",\"title_align\":\"top\",\"title_element\":\"h3\",\"title_grid_breakpoint\":\"m\",\"title_grid_width\":\"1-2\",\"title_hover_style\":\"reset\",\"title_style\":\"h2\"}}]}]}],\"name\":\"120924-3\"},{\"type\":\"section\",\"props\":{\"divider_height\":\"120\",\"divider_layers_gap\":\"5\",\"divider_layers_opacity\":\"0.5\",\"divider_position\":\"top\",\"divider_responsive\":true,\"divider_shadow_blur_radius\":\"5\",\"divider_shadow_color\":\"#00000080\",\"divider_shadow_offset_x\":\"0\",\"divider_shadow_offset_y\":\"5\",\"divider_width\":\"100\",\"image_position\":\"center-center\",\"padding\":\"large\",\"padding_custom_bottom\":\"70\",\"padding_custom_top\":\"70\",\"style\":\"default\",\"style_custom_color\":\"#ccc\",\"title_breakpoint\":\"xl\",\"title_position\":\"top-left\",\"title_rotation\":\"left\",\"vertical_align\":\"middle\",\"width\":\"default\"},\"children\":[{\"type\":\"row\",\"children\":[{\"type\":\"column\",\"props\":{\"image_position\":\"center-center\",\"position_sticky_breakpoint\":\"m\"},\"children\":[{\"type\":\"panel\",\"props\":{\"block_align\":\"center\",\"content\":\"\n\n<p>Bei DenLAB ist soziale Verantwortung nicht nur eine Strategie \\u2013 sie ist ein grundlegender Teil unserer DNA. Wir sind stolz darauf, einen Unterschied machen zu k\\u00f6nnen, und setzen unsere Arbeit fort, um einen Arbeitsmarkt zu schaffen, in dem f\\u00fcr alle Platz ist.<\\\/p>\",\"content_column_breakpoint\":\"m\",\"icon\":\"tablericons--heart-handshake\",\"icon_color\":\"primary\",\"icon_width\":\"125\",\"image_align\":\"top\",\"image_grid_breakpoint\":\"m\",\"image_grid_width\":\"1-2\",\"image_svg_color\":\"emphasis\",\"link_style\":\"primary\",\"link_text\":\"\",\"margin\":\"default\",\"maxwidth\":\"xlarge\",\"meta_align\":\"below-title\",\"meta_element\":\"div\",\"meta_style\":\"text-meta\",\"text_align\":\"center\",\"title\":\"DenLABs Kernwert\",\"title_align\":\"top\",\"title_element\":\"h3\",\"title_grid_breakpoint\":\"m\",\"title_grid_width\":\"1-2\",\"title_hover_style\":\"reset\",\"title_style\":\"h2\"}}]}]}],\"name\":\"120924-2\"}],\"version\":\"4.4.8\",\"yooessentialsVersion\":\"2.2.19\"} --><\/p>\n","protected":false},"excerpt":{"rendered":"<p>Inklusion und M\u00f6glichkeiten f\u00fcr Alle Soziale Verantwortung Einf\u00fchrung in soziale Verantwortung Bei DenLAB glauben wir, dass jeder die Chance verdient, zur Gemeinschaft beizutragen und ein sinnvolles Leben zu f\u00fchren. Deshalb haben wir es zu einem unserer Grundwerte gemacht, soziale Verantwortung zu \u00fcbernehmen, indem wir aktiv Menschen einstellen, die am Rande des Arbeitsmarktes stehen. Verst\u00e4ndnis f\u00fcr [&hellip;]<\/p>\n","protected":false},"author":2,"featured_media":0,"parent":0,"menu_order":0,"comment_status":"closed","ping_status":"closed","template":"","meta":{"_acf_changed":false,"footnotes":""},"class_list":["post-593","page","type-page","status-publish","hentry"],"acf":[],"yoast_head":"<!-- This site is optimized with the Yoast SEO plugin v24.8.1 - https:\/\/yoast.com\/wordpress\/plugins\/seo\/ -->\n<title>Verantwortung - DENLAB<\/title>\n<meta name=\"robots\" content=\"index, follow, max-snippet:-1, max-image-preview:large, max-video-preview:-1\" \/>\n<link rel=\"canonical\" href=\"https:\/\/denlab.dk\/de\/verantwortung\/\" \/>\n<meta property=\"og:locale\" content=\"de_DE\" \/>\n<meta property=\"og:type\" content=\"article\" \/>\n<meta property=\"og:title\" content=\"Verantwortung - DENLAB\" \/>\n<meta property=\"og:description\" content=\"Inklusion und M\u00f6glichkeiten f\u00fcr Alle Soziale Verantwortung Einf\u00fchrung in soziale Verantwortung Bei DenLAB glauben wir, dass jeder die Chance verdient, zur Gemeinschaft beizutragen und ein sinnvolles Leben zu f\u00fchren. Deshalb haben wir es zu einem unserer Grundwerte gemacht, soziale Verantwortung zu \u00fcbernehmen, indem wir aktiv Menschen einstellen, die am Rande des Arbeitsmarktes stehen. Verst\u00e4ndnis f\u00fcr [&hellip;]\" \/>\n<meta property=\"og:url\" content=\"https:\/\/denlab.dk\/de\/verantwortung\/\" \/>\n<meta property=\"og:site_name\" content=\"DENLAB\" \/>\n<meta property=\"article:modified_time\" content=\"2024-09-26T11:50:38+00:00\" \/>\n<meta name=\"twitter:card\" content=\"summary_large_image\" \/>\n<meta name=\"twitter:label1\" content=\"Gesch\u00e4tzte Lesezeit\" \/>\n\t<meta name=\"twitter:data1\" content=\"2\u00a0Minuten\" \/>\n<script type=\"application\/ld+json\" class=\"yoast-schema-graph\">{\"@context\":\"https:\/\/schema.org\",\"@graph\":[{\"@type\":\"WebPage\",\"@id\":\"https:\/\/denlab.dk\/de\/verantwortung\/\",\"url\":\"https:\/\/denlab.dk\/de\/verantwortung\/\",\"name\":\"Verantwortung - DENLAB\",\"isPartOf\":{\"@id\":\"https:\/\/denlab.dk\/de\/#website\"},\"datePublished\":\"2024-06-04T10:10:45+00:00\",\"dateModified\":\"2024-09-26T11:50:38+00:00\",\"breadcrumb\":{\"@id\":\"https:\/\/denlab.dk\/de\/verantwortung\/#breadcrumb\"},\"inLanguage\":\"de\",\"potentialAction\":[{\"@type\":\"ReadAction\",\"target\":[\"https:\/\/denlab.dk\/de\/verantwortung\/\"]}]},{\"@type\":\"BreadcrumbList\",\"@id\":\"https:\/\/denlab.dk\/de\/verantwortung\/#breadcrumb\",\"itemListElement\":[{\"@type\":\"ListItem\",\"position\":1,\"name\":\"Hjem\",\"item\":\"https:\/\/denlab.dk\/de\/\"},{\"@type\":\"ListItem\",\"position\":2,\"name\":\"Verantwortung\"}]},{\"@type\":\"WebSite\",\"@id\":\"https:\/\/denlab.dk\/de\/#website\",\"url\":\"https:\/\/denlab.dk\/de\/\",\"name\":\"DENLAB\",\"description\":\"Innovativt h\u00e5ndv\u00e6rk med socialt fokus\",\"potentialAction\":[{\"@type\":\"SearchAction\",\"target\":{\"@type\":\"EntryPoint\",\"urlTemplate\":\"https:\/\/denlab.dk\/de\/?s={search_term_string}\"},\"query-input\":{\"@type\":\"PropertyValueSpecification\",\"valueRequired\":true,\"valueName\":\"search_term_string\"}}],\"inLanguage\":\"de\"}]}<\/script>\n<!-- \/ Yoast SEO plugin. -->","yoast_head_json":{"title":"Verantwortung - DENLAB","robots":{"index":"index","follow":"follow","max-snippet":"max-snippet:-1","max-image-preview":"max-image-preview:large","max-video-preview":"max-video-preview:-1"},"canonical":"https:\/\/denlab.dk\/de\/verantwortung\/","og_locale":"de_DE","og_type":"article","og_title":"Verantwortung - DENLAB","og_description":"Inklusion und M\u00f6glichkeiten f\u00fcr Alle Soziale Verantwortung Einf\u00fchrung in soziale Verantwortung Bei DenLAB glauben wir, dass jeder die Chance verdient, zur Gemeinschaft beizutragen und ein sinnvolles Leben zu f\u00fchren. Deshalb haben wir es zu einem unserer Grundwerte gemacht, soziale Verantwortung zu \u00fcbernehmen, indem wir aktiv Menschen einstellen, die am Rande des Arbeitsmarktes stehen. Verst\u00e4ndnis f\u00fcr [&hellip;]","og_url":"https:\/\/denlab.dk\/de\/verantwortung\/","og_site_name":"DENLAB","article_modified_time":"2024-09-26T11:50:38+00:00","twitter_card":"summary_large_image","twitter_misc":{"Gesch\u00e4tzte Lesezeit":"2\u00a0Minuten"},"schema":{"@context":"https:\/\/schema.org","@graph":[{"@type":"WebPage","@id":"https:\/\/denlab.dk\/de\/verantwortung\/","url":"https:\/\/denlab.dk\/de\/verantwortung\/","name":"Verantwortung - DENLAB","isPartOf":{"@id":"https:\/\/denlab.dk\/de\/#website"},"datePublished":"2024-06-04T10:10:45+00:00","dateModified":"2024-09-26T11:50:38+00:00","breadcrumb":{"@id":"https:\/\/denlab.dk\/de\/verantwortung\/#breadcrumb"},"inLanguage":"de","potentialAction":[{"@type":"ReadAction","target":["https:\/\/denlab.dk\/de\/verantwortung\/"]}]},{"@type":"BreadcrumbList","@id":"https:\/\/denlab.dk\/de\/verantwortung\/#breadcrumb","itemListElement":[{"@type":"ListItem","position":1,"name":"Hjem","item":"https:\/\/denlab.dk\/de\/"},{"@type":"ListItem","position":2,"name":"Verantwortung"}]},{"@type":"WebSite","@id":"https:\/\/denlab.dk\/de\/#website","url":"https:\/\/denlab.dk\/de\/","name":"DENLAB","description":"Innovativt h\u00e5ndv\u00e6rk med socialt fokus","potentialAction":[{"@type":"SearchAction","target":{"@type":"EntryPoint","urlTemplate":"https:\/\/denlab.dk\/de\/?s={search_term_string}"},"query-input":{"@type":"PropertyValueSpecification","valueRequired":true,"valueName":"search_term_string"}}],"inLanguage":"de"}]}},"_links":{"self":[{"href":"https:\/\/denlab.dk\/de\/wp-json\/wp\/v2\/pages\/593","targetHints":{"allow":["GET"]}}],"collection":[{"href":"https:\/\/denlab.dk\/de\/wp-json\/wp\/v2\/pages"}],"about":[{"href":"https:\/\/denlab.dk\/de\/wp-json\/wp\/v2\/types\/page"}],"author":[{"embeddable":true,"href":"https:\/\/denlab.dk\/de\/wp-json\/wp\/v2\/users\/2"}],"replies":[{"embeddable":true,"href":"https:\/\/denlab.dk\/de\/wp-json\/wp\/v2\/comments?post=593"}],"version-history":[{"count":3,"href":"https:\/\/denlab.dk\/de\/wp-json\/wp\/v2\/pages\/593\/revisions"}],"predecessor-version":[{"id":596,"href":"https:\/\/denlab.dk\/de\/wp-json\/wp\/v2\/pages\/593\/revisions\/596"}],"wp:attachment":[{"href":"https:\/\/denlab.dk\/de\/wp-json\/wp\/v2\/media?parent=593"}],"curies":[{"name":"wp","href":"https:\/\/api.w.org\/{rel}","templated":true}]}}