{"id":579,"date":"2024-09-24T11:43:24","date_gmt":"2024-09-24T09:43:24","guid":{"rendered":"https:\/\/staging.denlab.dk\/tak-for-din-besked\/"},"modified":"2024-09-26T13:36:02","modified_gmt":"2024-09-26T11:36:02","slug":"danke-fuer-deine-nachricht","status":"publish","type":"page","link":"https:\/\/denlab.dk\/de\/danke-fuer-deine-nachricht\/","title":{"rendered":"Danke f\u00fcr deine Nachricht"},"content":{"rendered":"<h1>Danke f\u00fcr deine Nachricht<\/h1>\n<div>\n<p>Wir werden uns so schnell wie m\u00f6glich bei dir melden.<\/p>\n<\/div>\n<p>\n    <a href=\"\/\">Gehe zur Startseite<\/a>\n<\/p>\n<p><!--more--><br \/>\n<!-- {\"type\":\"layout\",\"children\":[{\"type\":\"section\",\"props\":{\"divider_height\":\"120\",\"divider_layers_gap\":\"5\",\"divider_layers_opacity\":\"0.5\",\"divider_position\":\"top\",\"divider_responsive\":true,\"divider_shadow_blur_radius\":\"5\",\"divider_shadow_color\":\"#00000080\",\"divider_shadow_offset_x\":\"0\",\"divider_shadow_offset_y\":\"5\",\"divider_width\":\"100\",\"height\":\"viewport\",\"height_offset_top\":true,\"height_viewport\":80,\"image\":\"wp-content\\\/uploads\\\/2024\\\/09\\\/denlab-texture_10.svg\",\"image_position\":\"center-center\",\"image_size\":\"cover\",\"media_blend_mode\":\"screen\",\"padding_custom_bottom\":\"70\",\"padding_custom_top\":\"70\",\"style\":\"primary\",\"style_custom_color\":\"#ccc\",\"title_breakpoint\":\"xl\",\"title_position\":\"top-left\",\"title_rotation\":\"left\",\"vertical_align\":\"middle\",\"width\":\"default\"},\"children\":[{\"type\":\"row\",\"children\":[{\"type\":\"column\",\"props\":{\"image_height\":\"500\",\"image_loading\":true,\"image_position\":\"center-center\",\"image_size\":\"contain\",\"image_width\":\"900\",\"padding\":\"large\",\"position_sticky_breakpoint\":\"m\"},\"children\":[{\"type\":\"headline\",\"props\":{\"block_align\":\"center\",\"content\":\"Danke f\\u00fcr deine Nachricht\",\"text_align\":\"center\",\"title_element\":\"h1\",\"title_style\":\"heading-large\"}}]}]},{\"type\":\"row\",\"props\":{\"margin\":\"small\"},\"children\":[{\"type\":\"column\",\"props\":{\"image_position\":\"center-center\",\"position_sticky_breakpoint\":\"m\"},\"children\":[{\"type\":\"text\",\"props\":{\"block_align\":\"center\",\"column_breakpoint\":\"m\",\"content\":\"\n\n<p>Wir werden uns so schnell wie m\\u00f6glich bei dir melden.<\\\/p>\",\"margin\":\"\",\"text_align\":\"center\",\"text_style\":\"large\"}},{\"type\":\"button\",\"props\":{\"grid_column_gap\":\"small\",\"grid_row_gap\":\"small\",\"margin\":\"large\",\"text_align\":\"center\"},\"children\":[{\"type\":\"button_item\",\"props\":{\"button_style\":\"secondary\",\"content\":\"Gehe zur Startseite\",\"icon\":\"feather--arrow-left\",\"icon_align\":\"left\",\"link\":\"\\\/\"}}]}]}]}],\"name\":\"Thanks\"}],\"version\":\"4.4.8\",\"yooessentialsVersion\":\"2.2.19\"} --><\/p>\n","protected":false},"excerpt":{"rendered":"<p>Danke f\u00fcr deine Nachricht Wir werden uns so schnell wie m\u00f6glich bei dir melden. Gehe zur Startseite<\/p>\n","protected":false},"author":2,"featured_media":0,"parent":0,"menu_order":0,"comment_status":"closed","ping_status":"closed","template":"","meta":{"_acf_changed":false,"footnotes":""},"class_list":["post-579","page","type-page","status-publish","hentry"],"acf":[],"yoast_head":"<!-- This site is optimized with the Yoast SEO plugin v24.8.1 - https:\/\/yoast.com\/wordpress\/plugins\/seo\/ -->\n<title>Danke f\u00fcr deine Nachricht - DENLAB<\/title>\n<meta name=\"robots\" content=\"index, follow, max-snippet:-1, max-image-preview:large, max-video-preview:-1\" \/>\n<link rel=\"canonical\" href=\"https:\/\/denlab.dk\/de\/danke-fuer-deine-nachricht\/\" \/>\n<meta property=\"og:locale\" content=\"de_DE\" \/>\n<meta property=\"og:type\" content=\"article\" \/>\n<meta property=\"og:title\" content=\"Danke f\u00fcr deine Nachricht - DENLAB\" \/>\n<meta property=\"og:description\" content=\"Danke f\u00fcr deine Nachricht Wir werden uns so schnell wie m\u00f6glich bei dir melden. Gehe zur Startseite\" \/>\n<meta property=\"og:url\" content=\"https:\/\/denlab.dk\/de\/danke-fuer-deine-nachricht\/\" \/>\n<meta property=\"og:site_name\" content=\"DENLAB\" \/>\n<meta property=\"article:modified_time\" content=\"2024-09-26T11:36:02+00:00\" \/>\n<meta name=\"twitter:card\" content=\"summary_large_image\" \/>\n<meta name=\"twitter:label1\" content=\"Gesch\u00e4tzte Lesezeit\" \/>\n\t<meta name=\"twitter:data1\" content=\"1\u00a0Minute\" \/>\n<script type=\"application\/ld+json\" class=\"yoast-schema-graph\">{\"@context\":\"https:\/\/schema.org\",\"@graph\":[{\"@type\":\"WebPage\",\"@id\":\"https:\/\/denlab.dk\/de\/danke-fuer-deine-nachricht\/\",\"url\":\"https:\/\/denlab.dk\/de\/danke-fuer-deine-nachricht\/\",\"name\":\"Danke f\u00fcr deine Nachricht - DENLAB\",\"isPartOf\":{\"@id\":\"https:\/\/denlab.dk\/de\/#website\"},\"datePublished\":\"2024-09-24T09:43:24+00:00\",\"dateModified\":\"2024-09-26T11:36:02+00:00\",\"breadcrumb\":{\"@id\":\"https:\/\/denlab.dk\/de\/danke-fuer-deine-nachricht\/#breadcrumb\"},\"inLanguage\":\"de\",\"potentialAction\":[{\"@type\":\"ReadAction\",\"target\":[\"https:\/\/denlab.dk\/de\/danke-fuer-deine-nachricht\/\"]}]},{\"@type\":\"BreadcrumbList\",\"@id\":\"https:\/\/denlab.dk\/de\/danke-fuer-deine-nachricht\/#breadcrumb\",\"itemListElement\":[{\"@type\":\"ListItem\",\"position\":1,\"name\":\"Hjem\",\"item\":\"https:\/\/denlab.dk\/de\/\"},{\"@type\":\"ListItem\",\"position\":2,\"name\":\"Danke f\u00fcr deine Nachricht\"}]},{\"@type\":\"WebSite\",\"@id\":\"https:\/\/denlab.dk\/de\/#website\",\"url\":\"https:\/\/denlab.dk\/de\/\",\"name\":\"DENLAB\",\"description\":\"Innovativt h\u00e5ndv\u00e6rk med socialt fokus\",\"potentialAction\":[{\"@type\":\"SearchAction\",\"target\":{\"@type\":\"EntryPoint\",\"urlTemplate\":\"https:\/\/denlab.dk\/de\/?s={search_term_string}\"},\"query-input\":{\"@type\":\"PropertyValueSpecification\",\"valueRequired\":true,\"valueName\":\"search_term_string\"}}],\"inLanguage\":\"de\"}]}<\/script>\n<!-- \/ Yoast SEO plugin. -->","yoast_head_json":{"title":"Danke f\u00fcr deine Nachricht - DENLAB","robots":{"index":"index","follow":"follow","max-snippet":"max-snippet:-1","max-image-preview":"max-image-preview:large","max-video-preview":"max-video-preview:-1"},"canonical":"https:\/\/denlab.dk\/de\/danke-fuer-deine-nachricht\/","og_locale":"de_DE","og_type":"article","og_title":"Danke f\u00fcr deine Nachricht - DENLAB","og_description":"Danke f\u00fcr deine Nachricht Wir werden uns so schnell wie m\u00f6glich bei dir melden. Gehe zur Startseite","og_url":"https:\/\/denlab.dk\/de\/danke-fuer-deine-nachricht\/","og_site_name":"DENLAB","article_modified_time":"2024-09-26T11:36:02+00:00","twitter_card":"summary_large_image","twitter_misc":{"Gesch\u00e4tzte Lesezeit":"1\u00a0Minute"},"schema":{"@context":"https:\/\/schema.org","@graph":[{"@type":"WebPage","@id":"https:\/\/denlab.dk\/de\/danke-fuer-deine-nachricht\/","url":"https:\/\/denlab.dk\/de\/danke-fuer-deine-nachricht\/","name":"Danke f\u00fcr deine Nachricht - DENLAB","isPartOf":{"@id":"https:\/\/denlab.dk\/de\/#website"},"datePublished":"2024-09-24T09:43:24+00:00","dateModified":"2024-09-26T11:36:02+00:00","breadcrumb":{"@id":"https:\/\/denlab.dk\/de\/danke-fuer-deine-nachricht\/#breadcrumb"},"inLanguage":"de","potentialAction":[{"@type":"ReadAction","target":["https:\/\/denlab.dk\/de\/danke-fuer-deine-nachricht\/"]}]},{"@type":"BreadcrumbList","@id":"https:\/\/denlab.dk\/de\/danke-fuer-deine-nachricht\/#breadcrumb","itemListElement":[{"@type":"ListItem","position":1,"name":"Hjem","item":"https:\/\/denlab.dk\/de\/"},{"@type":"ListItem","position":2,"name":"Danke f\u00fcr deine Nachricht"}]},{"@type":"WebSite","@id":"https:\/\/denlab.dk\/de\/#website","url":"https:\/\/denlab.dk\/de\/","name":"DENLAB","description":"Innovativt h\u00e5ndv\u00e6rk med socialt fokus","potentialAction":[{"@type":"SearchAction","target":{"@type":"EntryPoint","urlTemplate":"https:\/\/denlab.dk\/de\/?s={search_term_string}"},"query-input":{"@type":"PropertyValueSpecification","valueRequired":true,"valueName":"search_term_string"}}],"inLanguage":"de"}]}},"_links":{"self":[{"href":"https:\/\/denlab.dk\/de\/wp-json\/wp\/v2\/pages\/579","targetHints":{"allow":["GET"]}}],"collection":[{"href":"https:\/\/denlab.dk\/de\/wp-json\/wp\/v2\/pages"}],"about":[{"href":"https:\/\/denlab.dk\/de\/wp-json\/wp\/v2\/types\/page"}],"author":[{"embeddable":true,"href":"https:\/\/denlab.dk\/de\/wp-json\/wp\/v2\/users\/2"}],"replies":[{"embeddable":true,"href":"https:\/\/denlab.dk\/de\/wp-json\/wp\/v2\/comments?post=579"}],"version-history":[{"count":3,"href":"https:\/\/denlab.dk\/de\/wp-json\/wp\/v2\/pages\/579\/revisions"}],"predecessor-version":[{"id":584,"href":"https:\/\/denlab.dk\/de\/wp-json\/wp\/v2\/pages\/579\/revisions\/584"}],"wp:attachment":[{"href":"https:\/\/denlab.dk\/de\/wp-json\/wp\/v2\/media?parent=579"}],"curies":[{"name":"wp","href":"https:\/\/api.w.org\/{rel}","templated":true}]}}