{"id":571,"date":"2024-01-20T07:49:10","date_gmt":"2024-01-20T06:49:10","guid":{"rendered":"https:\/\/staging.denlab.dk\/?page_id=571"},"modified":"2024-09-26T13:32:08","modified_gmt":"2024-09-26T11:32:08","slug":"datenschutzbestimmungen","status":"publish","type":"page","link":"https:\/\/denlab.dk\/de\/datenschutzbestimmungen\/","title":{"rendered":"Datenschutzbestimmungen"},"content":{"rendered":"\r\n<h2 class=\"wp-block-heading\">Wer wir sind<\/h2>\r\n\r\n\r\n\r\n<p><strong>Vorgeschlagener Text:<\/strong> Unsere Website-Adresse ist: <a href=\"https:\/\/denlab.dk\" target=\"_new\" rel=\"noopener\">https:\/\/denlab.dk<\/a>.<\/p>\r\n\r\n\r\n\r\n<h2 class=\"wp-block-heading\"><strong>Kommentare<\/strong><\/h2>\r\n<p><strong>Vorgeschlagener Text:<\/strong> Wenn Besucher Kommentare auf der Website hinterlassen, sammeln wir die Daten, die im Kommentarformular angezeigt werden, sowie die IP-Adresse des Besuchers und den Browser-Benutzeragenten, um die Spam-Erkennung zu unterst\u00fctzen.<\/p>\r\n<p>Eine anonymisierte Zeichenkette, die aus deiner E-Mail-Adresse erstellt wird (auch als Hash bezeichnet), kann dem Gravatar-Dienst zur Verf\u00fcgung gestellt werden, um zu sehen, ob du diesen nutzt. Die Datenschutzrichtlinie des Gravatar-Dienstes ist hier verf\u00fcgbar: <a href=\"https:\/\/automattic.com\/privacy\/\" target=\"_new\" rel=\"noopener\">https:\/\/automattic.com\/privacy\/<\/a>. Nach der Freigabe deines Kommentars ist dein Profilbild im Kontext deines Kommentars f\u00fcr die \u00d6ffentlichkeit sichtbar.<\/p>\r\n<h2><strong>Medien<\/strong><\/h2>\r\n<p><strong>Vorgeschlagener Text:<\/strong> Wenn du Bilder auf die Website hochl\u00e4dst, solltest du vermeiden, Bilder mit eingebetteten Standortdaten (EXIF GPS) hochzuladen. Besucher der Website k\u00f6nnen alle Standortdaten aus den Bildern auf der Website herunterladen und extrahieren.<\/p>\r\n<h2><strong>Cookies<\/strong><\/h2>\r\n<p><strong>Vorgeschlagener Text:<\/strong> Wenn du einen Kommentar auf unserer Website hinterl\u00e4sst, kannst du dich daf\u00fcr entscheiden, deinen Namen, deine E-Mail-Adresse und deine Website in Cookies zu speichern. Diese dienen deiner Bequemlichkeit, damit du deine Daten nicht erneut ausf\u00fcllen musst, wenn du einen weiteren Kommentar hinterl\u00e4sst. Diese Cookies bleiben ein Jahr lang bestehen.<\/p>\r\n<p>Wenn du unsere Anmeldeseite besuchst, setzen wir ein tempor\u00e4res Cookie, um festzustellen, ob dein Browser Cookies akzeptiert. Dieses Cookie enth\u00e4lt keine pers\u00f6nlichen Daten und wird gel\u00f6scht, wenn du deinen Browser schlie\u00dft.<\/p>\r\n<p>Wenn du dich anmeldest, richten wir au\u00dferdem mehrere Cookies ein, um deine Anmeldeinformationen und deine Anzeigeeinstellungen zu speichern. Anmelde-Cookies bleiben zwei Tage bestehen, und Cookies f\u00fcr Anzeigeoptionen bleiben ein Jahr bestehen. Wenn du \u201eAngemeldet bleiben\u201c ausw\u00e4hlst, bleibt deine Anmeldung zwei Wochen lang bestehen. Wenn du dich von deinem Konto abmeldest, werden die Anmelde-Cookies entfernt.<\/p>\r\n<p>Wenn du einen Artikel bearbeitest oder ver\u00f6ffentlichst, wird ein zus\u00e4tzliches Cookie in deinem Browser gespeichert. Dieses Cookie enth\u00e4lt keine pers\u00f6nlichen Daten und gibt lediglich die ID des gerade bearbeiteten Beitrags an. Es verf\u00e4llt nach einem Tag.<\/p>\r\n<h2><strong>Eingebettete Inhalte von anderen Websites<\/strong><\/h2>\r\n<p><strong>Vorgeschlagener Text:<\/strong> Beitr\u00e4ge auf dieser Website k\u00f6nnen eingebettete Inhalte enthalten (z. B. Videos, Bilder, Artikel usw.). Eingebettete Inhalte von anderen Websites verhalten sich genau so, als h\u00e4tte der Besucher die andere Website besucht.<\/p>\r\n<p>Diese Websites k\u00f6nnen Daten \u00fcber dich sammeln, Cookies verwenden, zus\u00e4tzliche Drittanbieter-Tracking-Dienste einbetten und deine Interaktionen mit diesen eingebetteten Inhalten \u00fcberwachen, einschlie\u00dflich der Verfolgung deiner Interaktionen mit den eingebetteten Inhalten, wenn du ein Konto hast und auf dieser Website angemeldet bist.<\/p>\r\n<h2><strong>Mit wem wir deine Daten teilen<\/strong><\/h2>\r\n<p><strong>Vorgeschlagener Text:<\/strong> Wenn du eine Passwortzur\u00fccksetzung anforderst, wird deine IP-Adresse in der E-Mail zur Zur\u00fccksetzung enthalten sein.<\/p>\r\n<h2><strong>Wie lange wir deine Daten speichern<\/strong><\/h2>\r\n<p><strong>Vorgeschlagener Text:<\/strong> Wenn du einen Kommentar hinterl\u00e4sst, werden der Kommentar und seine Metadaten auf unbestimmte Zeit gespeichert. Dies dient dazu, dass wir Folgekommentare automatisch erkennen und freigeben k\u00f6nnen, anstatt sie in eine Moderationswarteschlange zu stellen.<\/p>\r\n<p>F\u00fcr Benutzer, die sich auf unserer Website registrieren (falls vorhanden), speichern wir auch die pers\u00f6nlichen Informationen, die sie in ihrem Benutzerprofil angeben. Alle Benutzer k\u00f6nnen ihre pers\u00f6nlichen Informationen jederzeit einsehen, bearbeiten oder l\u00f6schen (mit Ausnahme ihres Benutzernamens). Website-Administratoren k\u00f6nnen diese Informationen ebenfalls einsehen und bearbeiten.<\/p>\r\n<h2><strong>Welche Rechte du an deinen Daten hast<\/strong><\/h2>\r\n<p><strong>Vorgeschlagener Text:<\/strong> Wenn du ein Konto auf dieser Website hast oder Kommentare hinterlassen hast, kannst du anfordern, eine exportierte Datei der pers\u00f6nlichen Daten zu erhalten, die wir \u00fcber dich gespeichert haben, einschlie\u00dflich aller Daten, die du uns mitgeteilt hast. Du kannst auch verlangen, dass wir alle pers\u00f6nlichen Daten, die wir \u00fcber dich gespeichert haben, l\u00f6schen. Dies umfasst keine Daten, die wir aus administrativen, rechtlichen oder sicherheitsrelevanten Gr\u00fcnden aufbewahren m\u00fcssen.<\/p>\r\n<h2><strong>Wohin deine Daten gesendet werden<\/strong><\/h2>\r\n<p><strong>Vorgeschlagener Text:<\/strong> Besucherkommentare k\u00f6nnten von einem automatisierten Spam-Erkennungsdienst \u00fcberpr\u00fcft werden.<\/p>\r\n","protected":false},"excerpt":{"rendered":"<p>Wer wir sind Vorgeschlagener Text: Unsere Website-Adresse ist: https:\/\/denlab.dk. Kommentare Vorgeschlagener Text: Wenn Besucher Kommentare auf der Website hinterlassen, sammeln wir die Daten, die im Kommentarformular angezeigt werden, sowie die IP-Adresse des Besuchers und den Browser-Benutzeragenten, um die Spam-Erkennung zu unterst\u00fctzen. Eine anonymisierte Zeichenkette, die aus deiner E-Mail-Adresse erstellt wird (auch als Hash bezeichnet), kann [&hellip;]<\/p>\n","protected":false},"author":2,"featured_media":0,"parent":0,"menu_order":0,"comment_status":"closed","ping_status":"closed","template":"","meta":{"_acf_changed":false,"footnotes":""},"class_list":["post-571","page","type-page","status-publish","hentry"],"acf":[],"yoast_head":"<!-- This site is optimized with the Yoast SEO plugin v24.8.1 - https:\/\/yoast.com\/wordpress\/plugins\/seo\/ -->\n<title>Datenschutzbestimmungen - DENLAB<\/title>\n<meta name=\"robots\" content=\"index, follow, max-snippet:-1, max-image-preview:large, max-video-preview:-1\" \/>\n<link rel=\"canonical\" href=\"https:\/\/denlab.dk\/de\/datenschutzbestimmungen\/\" \/>\n<meta property=\"og:locale\" content=\"de_DE\" \/>\n<meta property=\"og:type\" content=\"article\" \/>\n<meta property=\"og:title\" content=\"Datenschutzbestimmungen - DENLAB\" \/>\n<meta property=\"og:description\" content=\"Wer wir sind Vorgeschlagener Text: Unsere Website-Adresse ist: https:\/\/denlab.dk. Kommentare Vorgeschlagener Text: Wenn Besucher Kommentare auf der Website hinterlassen, sammeln wir die Daten, die im Kommentarformular angezeigt werden, sowie die IP-Adresse des Besuchers und den Browser-Benutzeragenten, um die Spam-Erkennung zu unterst\u00fctzen. Eine anonymisierte Zeichenkette, die aus deiner E-Mail-Adresse erstellt wird (auch als Hash bezeichnet), kann [&hellip;]\" \/>\n<meta property=\"og:url\" content=\"https:\/\/denlab.dk\/de\/datenschutzbestimmungen\/\" \/>\n<meta property=\"og:site_name\" content=\"DENLAB\" \/>\n<meta property=\"article:modified_time\" content=\"2024-09-26T11:32:08+00:00\" \/>\n<meta name=\"twitter:card\" content=\"summary_large_image\" \/>\n<meta name=\"twitter:label1\" content=\"Gesch\u00e4tzte Lesezeit\" \/>\n\t<meta name=\"twitter:data1\" content=\"3\u00a0Minuten\" \/>\n<script type=\"application\/ld+json\" class=\"yoast-schema-graph\">{\"@context\":\"https:\/\/schema.org\",\"@graph\":[{\"@type\":\"WebPage\",\"@id\":\"https:\/\/denlab.dk\/de\/datenschutzbestimmungen\/\",\"url\":\"https:\/\/denlab.dk\/de\/datenschutzbestimmungen\/\",\"name\":\"Datenschutzbestimmungen - DENLAB\",\"isPartOf\":{\"@id\":\"https:\/\/denlab.dk\/de\/#website\"},\"datePublished\":\"2024-01-20T06:49:10+00:00\",\"dateModified\":\"2024-09-26T11:32:08+00:00\",\"breadcrumb\":{\"@id\":\"https:\/\/denlab.dk\/de\/datenschutzbestimmungen\/#breadcrumb\"},\"inLanguage\":\"de\",\"potentialAction\":[{\"@type\":\"ReadAction\",\"target\":[\"https:\/\/denlab.dk\/de\/datenschutzbestimmungen\/\"]}]},{\"@type\":\"BreadcrumbList\",\"@id\":\"https:\/\/denlab.dk\/de\/datenschutzbestimmungen\/#breadcrumb\",\"itemListElement\":[{\"@type\":\"ListItem\",\"position\":1,\"name\":\"Hjem\",\"item\":\"https:\/\/denlab.dk\/de\/\"},{\"@type\":\"ListItem\",\"position\":2,\"name\":\"Datenschutzbestimmungen\"}]},{\"@type\":\"WebSite\",\"@id\":\"https:\/\/denlab.dk\/de\/#website\",\"url\":\"https:\/\/denlab.dk\/de\/\",\"name\":\"DENLAB\",\"description\":\"Innovativt h\u00e5ndv\u00e6rk med socialt fokus\",\"potentialAction\":[{\"@type\":\"SearchAction\",\"target\":{\"@type\":\"EntryPoint\",\"urlTemplate\":\"https:\/\/denlab.dk\/de\/?s={search_term_string}\"},\"query-input\":{\"@type\":\"PropertyValueSpecification\",\"valueRequired\":true,\"valueName\":\"search_term_string\"}}],\"inLanguage\":\"de\"}]}<\/script>\n<!-- \/ Yoast SEO plugin. -->","yoast_head_json":{"title":"Datenschutzbestimmungen - DENLAB","robots":{"index":"index","follow":"follow","max-snippet":"max-snippet:-1","max-image-preview":"max-image-preview:large","max-video-preview":"max-video-preview:-1"},"canonical":"https:\/\/denlab.dk\/de\/datenschutzbestimmungen\/","og_locale":"de_DE","og_type":"article","og_title":"Datenschutzbestimmungen - DENLAB","og_description":"Wer wir sind Vorgeschlagener Text: Unsere Website-Adresse ist: https:\/\/denlab.dk. Kommentare Vorgeschlagener Text: Wenn Besucher Kommentare auf der Website hinterlassen, sammeln wir die Daten, die im Kommentarformular angezeigt werden, sowie die IP-Adresse des Besuchers und den Browser-Benutzeragenten, um die Spam-Erkennung zu unterst\u00fctzen. Eine anonymisierte Zeichenkette, die aus deiner E-Mail-Adresse erstellt wird (auch als Hash bezeichnet), kann [&hellip;]","og_url":"https:\/\/denlab.dk\/de\/datenschutzbestimmungen\/","og_site_name":"DENLAB","article_modified_time":"2024-09-26T11:32:08+00:00","twitter_card":"summary_large_image","twitter_misc":{"Gesch\u00e4tzte Lesezeit":"3\u00a0Minuten"},"schema":{"@context":"https:\/\/schema.org","@graph":[{"@type":"WebPage","@id":"https:\/\/denlab.dk\/de\/datenschutzbestimmungen\/","url":"https:\/\/denlab.dk\/de\/datenschutzbestimmungen\/","name":"Datenschutzbestimmungen - DENLAB","isPartOf":{"@id":"https:\/\/denlab.dk\/de\/#website"},"datePublished":"2024-01-20T06:49:10+00:00","dateModified":"2024-09-26T11:32:08+00:00","breadcrumb":{"@id":"https:\/\/denlab.dk\/de\/datenschutzbestimmungen\/#breadcrumb"},"inLanguage":"de","potentialAction":[{"@type":"ReadAction","target":["https:\/\/denlab.dk\/de\/datenschutzbestimmungen\/"]}]},{"@type":"BreadcrumbList","@id":"https:\/\/denlab.dk\/de\/datenschutzbestimmungen\/#breadcrumb","itemListElement":[{"@type":"ListItem","position":1,"name":"Hjem","item":"https:\/\/denlab.dk\/de\/"},{"@type":"ListItem","position":2,"name":"Datenschutzbestimmungen"}]},{"@type":"WebSite","@id":"https:\/\/denlab.dk\/de\/#website","url":"https:\/\/denlab.dk\/de\/","name":"DENLAB","description":"Innovativt h\u00e5ndv\u00e6rk med socialt fokus","potentialAction":[{"@type":"SearchAction","target":{"@type":"EntryPoint","urlTemplate":"https:\/\/denlab.dk\/de\/?s={search_term_string}"},"query-input":{"@type":"PropertyValueSpecification","valueRequired":true,"valueName":"search_term_string"}}],"inLanguage":"de"}]}},"_links":{"self":[{"href":"https:\/\/denlab.dk\/de\/wp-json\/wp\/v2\/pages\/571","targetHints":{"allow":["GET"]}}],"collection":[{"href":"https:\/\/denlab.dk\/de\/wp-json\/wp\/v2\/pages"}],"about":[{"href":"https:\/\/denlab.dk\/de\/wp-json\/wp\/v2\/types\/page"}],"author":[{"embeddable":true,"href":"https:\/\/denlab.dk\/de\/wp-json\/wp\/v2\/users\/2"}],"replies":[{"embeddable":true,"href":"https:\/\/denlab.dk\/de\/wp-json\/wp\/v2\/comments?post=571"}],"version-history":[{"count":4,"href":"https:\/\/denlab.dk\/de\/wp-json\/wp\/v2\/pages\/571\/revisions"}],"predecessor-version":[{"id":577,"href":"https:\/\/denlab.dk\/de\/wp-json\/wp\/v2\/pages\/571\/revisions\/577"}],"wp:attachment":[{"href":"https:\/\/denlab.dk\/de\/wp-json\/wp\/v2\/media?parent=571"}],"curies":[{"name":"wp","href":"https:\/\/api.w.org\/{rel}","templated":true}]}}