{"id":550,"date":"2024-06-04T12:11:20","date_gmt":"2024-06-04T10:11:20","guid":{"rendered":"https:\/\/staging.denlab.dk\/kontakt\/"},"modified":"2026-01-05T13:47:40","modified_gmt":"2026-01-05T12:47:40","slug":"kontakt","status":"publish","type":"page","link":"https:\/\/denlab.dk\/de\/kontakt\/","title":{"rendered":"Kontakt"},"content":{"rendered":"<h1>Kontaktieren Sie uns f\u00fcr mehr<\/h1>\n<div>\n<p>56.2596976,8.7896903<\/p>\n<h3>DenLAB<\/h3>\n<\/div>\n<ul>\n<li>\n<div>Industrivej 12<\/div>\n<\/li>\n<li>\n<div>7490 Aulum<\/div>\n<\/li>\n<li>\n<div>Danmark<\/div>\n<\/li>\n<\/ul>\n<ul>\n<li>\n<h3>Rufnummer<\/h3>\n<p>+45 30 87 11 11<\/p>\n<\/li>\n<li>\n<h3>E-mail<\/h3>\n<p>hello@denlab.dk<\/p>\n<\/li>\n<\/ul>\n<div>\n<h3>Entdecken Sie unseren Ausstellungsraum im DenLAB<\/h3>\n<div>\nM\u00f6chten Sie unsere L\u00f6sungen und Produkte aus der N\u00e4he sehen? Bei DenLAB bieten wir Ihnen die M\u00f6glichkeit einer pers\u00f6nlichen F\u00fchrung durch unseren Ausstellungsraum. Hier k\u00f6nnen Sie unsere neuesten L\u00f6sungen kennenlernen und erfahren, wie diese einen Mehrwert f\u00fcr Ihr Unternehmen schaffen k\u00f6nnen.<br \/>\nKontaktieren Sie uns noch heute, um einen Besichtigungstermin zu vereinbaren, damit wir einen Termin finden, der Ihnen passt.<\/div>\n<p><a href=\"mailto:hello@denlab.dk?subject=Booking af showroom\">Buchen Sie eine Besichtigung<\/a><\/p>\n<\/div>\n<h2>Unser Team ist <br \/>bereit zu helfen<\/h2>\n<div>\n<p>        <img decoding=\"async\" src=\"\/wp-content\/uploads\/2025\/05\/Cliff2.png\" alt=\"\"><\/p>\n<div>Cliff Bak<\/div>\n<p> Projektleiter<\/p>\n<\/div>\n<p><p>\n        <a href=\"tel:+4532224388\">+45 32 22 43 88<\/a>\n    <\/p>\n<\/p>\n<hr>\n<div>\n<p>        <img decoding=\"async\" src=\"\/wp-content\/uploads\/2024\/09\/R6M25246-scaled.jpg\" alt=\"\"><\/p>\n<div>Jan Laursen<\/div>\n<p>Produktionsleiter<\/p>\n<\/div>\n<p><p>\n        <a href=\"tel:+45 22467274\">+45 22 46 72 74<\/a>\n    <\/p>\n<\/p>\n<hr>\n<div>\n<p>        <img decoding=\"async\" src=\"\/wp-content\/uploads\/2024\/09\/R6M25234.jpg\" alt=\"\"><\/p>\n<div>Stine Ven\u00f8 Andersen<\/div>\n<p>Vorarbeiter<\/p>\n<\/div>\n<p><p>\n        <a href=\"tel:+45 30871111\">+45 30 87 11 11<\/a>\n    <\/p>\n<\/p>\n<p><!--more--><br \/>\n<!-- {\"type\":\"layout\",\"children\":[{\"name\":\"Hero\",\"type\":\"section\",\"props\":{\"image_position\":\"center-center\",\"padding\":\"large\",\"style\":\"default\",\"title_breakpoint\":\"xl\",\"title_position\":\"top-left\",\"title_rotation\":\"left\",\"vertical_align\":\"\",\"width\":\"large\"},\"children\":[{\"type\":\"row\",\"children\":[{\"type\":\"column\",\"props\":{\"image_position\":\"center-center\",\"position_sticky_breakpoint\":\"m\",\"width_medium\":\"1-1\"},\"children\":[{\"type\":\"headline\",\"props\":{\"animation\":\"parallax\",\"block_align\":\"center\",\"content\":\"Kontaktieren Sie uns f\\u00fcr mehr\",\"maxwidth\":\"2xlarge\",\"parallax_breakpoint\":\"m\",\"parallax_easing\":\"1\",\"parallax_y\":\"0,-50\",\"title_element\":\"h1\",\"title_style\":\"heading-medium\"}}]}]}]},{\"name\":\"Contact\",\"type\":\"section\",\"props\":{\"divider_height\":\"120\",\"divider_layers_gap\":\"5\",\"divider_layers_opacity\":\"0.5\",\"divider_position\":\"top\",\"divider_responsive\":true,\"divider_shadow_blur_radius\":\"5\",\"divider_shadow_color\":\"#00000080\",\"divider_shadow_offset_x\":\"0\",\"divider_shadow_offset_y\":\"5\",\"divider_width\":\"100\",\"image_position\":\"center-center\",\"padding_custom_bottom\":\"70\",\"padding_custom_top\":\"70\",\"padding_remove_bottom\":true,\"padding_remove_top\":true,\"style\":\"default\",\"style_custom_color\":\"#ccc\",\"title_breakpoint\":\"xl\",\"title_position\":\"top-left\",\"title_rotation\":\"left\",\"vertical_align\":\"\",\"width\":\"\"},\"children\":[{\"type\":\"row\",\"props\":{\"column_gap\":\"collapse\",\"layout\":\"2-3,1-3\",\"row_gap\":\"collapse\"},\"children\":[{\"type\":\"column\",\"props\":{\"image_position\":\"center-center\",\"position_sticky_breakpoint\":\"m\",\"width_large\":\"2-3\"},\"children\":[{\"type\":\"map\",\"props\":{\"animation\":\"none\",\"controls\":false,\"dragging\":false,\"height\":500,\"image_svg_color\":\"emphasis\",\"link_style\":\"default\",\"link_text\":\"Read more\",\"margin\":\"default\",\"max_zoom\":18,\"meta_align\":\"below-title\",\"meta_element\":\"div\",\"meta_style\":\"text-meta\",\"min_zoom\":0,\"parallax_end\":\"70vh + 70%\",\"parallax_y\":\"30,0\",\"poi\":false,\"show_content\":true,\"show_image\":true,\"show_link\":true,\"show_meta\":true,\"show_title\":true,\"styler_hue\":\"rgb(255, 255, 255)\",\"title_element\":\"h3\",\"title_hover_style\":\"reset\",\"type\":\"roadmap\",\"zoom\":\"9\",\"zooming\":false},\"children\":[{\"type\":\"map_item\",\"props\":{\"hide\":false,\"location\":\"56.2596976,8.7896903\",\"show_popup\":false,\"title\":\"DenLAB\"}}]}]},{\"type\":\"column\",\"props\":{\"image_position\":\"center-center\",\"position_sticky_breakpoint\":\"m\",\"preserve_color\":false,\"style\":\"tile-secondary\",\"vertical_align\":\"middle\",\"width_large\":\"1-3\"},\"children\":[{\"type\":\"list\",\"props\":{\"animation\":\"parallax\",\"column_breakpoint\":\"m\",\"content_style\":\"h1\",\"image_align\":\"left\",\"image_svg_color\":\"emphasis\",\"image_vertical_align\":true,\"list_element\":\"ul\",\"list_horizontal_separator\":\", \",\"list_type\":\"vertical\",\"margin\":\"large\",\"parallax_breakpoint\":\"m\",\"parallax_easing\":\"1\",\"parallax_end\":\"70vh + 70%\",\"parallax_y\":\"30,0\",\"show_image\":true,\"show_link\":true,\"text_align\":\"left\"},\"children\":[{\"type\":\"list_item\",\"props\":{\"content\":\"Industrivej 12\"}},{\"type\":\"list_item\",\"props\":{\"content\":\"7490 Aulum\"}},{\"type\":\"list_item\",\"props\":{\"content\":\"Danmark\"}}]},{\"type\":\"description_list\",\"props\":{\"animation\":\"none\",\"column_breakpoint\":\"m\",\"content_style\":\"text-lead\",\"layout\":\"grid-2\",\"list_element\":\"ul\",\"meta_align\":\"below-content\",\"meta_style\":\"h4\",\"show_content\":true,\"show_link\":true,\"show_meta\":true,\"show_title\":true,\"title_colon\":false,\"title_color\":\"muted\",\"title_element\":\"div\",\"title_grid_column_gap\":\"\",\"title_grid_row_gap\":\"\",\"title_grid_width\":\"small\",\"title_leader\":true,\"title_style\":\"h4\"},\"children\":[{\"type\":\"description_list_item\",\"props\":{\"content\":\"\",\"link\":\"tel:+4530871111\",\"meta\":\"+45 30 87 11 11\",\"title\":\"Rufnummer\"}},{\"type\":\"description_list_item\",\"props\":{\"content\":\"\",\"link\":\"mailto:hello@denlab.dk\",\"meta\":\"hello@denlab.dk\",\"title\":\"E-mail\"}}]}]}]}]},{\"type\":\"section\",\"props\":{\"divider_height\":\"120\",\"divider_layers_gap\":\"5\",\"divider_layers_opacity\":\"0.5\",\"divider_position\":\"top\",\"divider_responsive\":true,\"divider_shadow_blur_radius\":\"5\",\"divider_shadow_color\":\"#00000080\",\"divider_shadow_offset_x\":\"0\",\"divider_shadow_offset_y\":\"5\",\"divider_width\":\"100\",\"image_position\":\"center-center\",\"padding\":\"large\",\"padding_custom_bottom\":\"70\",\"padding_custom_top\":\"70\",\"style\":\"default\",\"style_custom_color\":\"#ccc\",\"title_breakpoint\":\"xl\",\"title_position\":\"top-left\",\"title_rotation\":\"left\",\"vertical_align\":\"middle\",\"width\":\"small\"},\"children\":[{\"type\":\"row\",\"children\":[{\"type\":\"column\",\"props\":{\"image_position\":\"center-center\",\"position_sticky_breakpoint\":\"m\"},\"children\":[{\"type\":\"panel\",\"props\":{\"content\":\"\\nM\\u00f6chten Sie unsere L\\u00f6sungen und Produkte aus der N\\u00e4he sehen? Bei DenLAB bieten wir Ihnen die M\\u00f6glichkeit einer pers\\u00f6nlichen F\\u00fchrung durch unseren Ausstellungsraum. Hier k\\u00f6nnen Sie unsere neuesten L\\u00f6sungen kennenlernen und erfahren, wie diese einen Mehrwert f\\u00fcr Ihr Unternehmen schaffen k\\u00f6nnen.\\nKontaktieren Sie uns noch heute, um einen Besichtigungstermin zu vereinbaren, damit wir einen Termin finden, der Ihnen passt.\",\"content_column_breakpoint\":\"m\",\"icon_width\":80,\"image_align\":\"top\",\"image_grid_breakpoint\":\"m\",\"image_grid_width\":\"1-2\",\"image_svg_color\":\"emphasis\",\"link\":\"mailto:hello@denlab.dk?subject=Booking af showroom\",\"link_style\":\"primary\",\"link_text\":\"Buchen Sie eine Besichtigung\",\"margin\":\"default\",\"meta_align\":\"below-title\",\"meta_element\":\"div\",\"meta_style\":\"text-meta\",\"panel_padding\":\"default\",\"panel_style\":\"card-default\",\"title\":\"Entdecken Sie unseren Ausstellungsraum im DenLAB\",\"title_align\":\"top\",\"title_element\":\"h3\",\"title_grid_breakpoint\":\"m\",\"title_grid_width\":\"1-2\",\"title_hover_style\":\"reset\"}}]}]}]},{\"name\":\"Team\",\"type\":\"section\",\"props\":{\"divider_height\":\"120\",\"divider_layers_gap\":\"5\",\"divider_layers_opacity\":\"0.5\",\"divider_position\":\"top\",\"divider_responsive\":true,\"divider_shadow_blur_radius\":\"5\",\"divider_shadow_color\":\"#00000080\",\"divider_shadow_offset_x\":\"0\",\"divider_shadow_offset_y\":\"5\",\"divider_width\":\"100\",\"image_position\":\"center-center\",\"padding\":\"large\",\"padding_custom_bottom\":\"70\",\"padding_custom_top\":\"70\",\"padding_remove_top\":true,\"style\":\"default\",\"style_custom_color\":\"#ccc\",\"title_breakpoint\":\"xl\",\"title_position\":\"top-left\",\"title_rotation\":\"left\",\"vertical_align\":\"\",\"width\":\"small\"},\"children\":[{\"type\":\"row\",\"props\":{\"margin\":\"xlarge\"},\"children\":[{\"type\":\"column\",\"props\":{\"image_position\":\"center-center\",\"position_sticky_breakpoint\":\"m\",\"width_medium\":\"1-1\"},\"children\":[{\"type\":\"headline\",\"props\":{\"animation\":\"parallax\",\"content\":\"Unser Team ist <br \/>bereit zu helfen\",\"margin_remove_top\":true,\"parallax_easing\":\"1\",\"parallax_end\":\"70vh + 70%\",\"parallax_opacity\":\"0.3,1\",\"parallax_y\":\"30,0\",\"text_align\":\"center\",\"title_element\":\"h2\",\"title_style\":\"heading-small\"}},{\"type\":\"divider\",\"props\":{\"divider_align\":\"center\",\"divider_element\":\"div\",\"divider_style\":\"small\"}}]}]},{\"type\":\"row\",\"props\":{\"column_gap\":\"small\",\"layout\":\"2-3,1-3\",\"row_gap\":\"small\"},\"children\":[{\"type\":\"column\",\"props\":{\"image_position\":\"center-center\",\"position_sticky_breakpoint\":\"m\",\"vertical_align\":\"middle\",\"width_small\":\"2-3\"},\"children\":[{\"type\":\"panel\",\"props\":{\"content_column_breakpoint\":\"m\",\"icon_width\":80,\"image\":\"wp-content\\\/uploads\\\/2025\\\/05\\\/Cliff2.png\",\"image_align\":\"left\",\"image_border\":\"circle\",\"image_grid_breakpoint\":\"s\",\"image_grid_column_gap\":\"medium\",\"image_grid_row_gap\":\"medium\",\"image_grid_width\":\"auto\",\"image_svg_color\":\"emphasis\",\"image_vertical_align\":true,\"image_width\":250,\"link_style\":\"default\",\"link_text\":\"Read more\",\"margin\":\"default\",\"meta\":\" Projektleiter\",\"meta_align\":\"above-title\",\"meta_color\":\"primary\",\"meta_element\":\"h3\",\"meta_style\":\"h5\",\"text_align\":\"left\",\"text_align_breakpoint\":\"s\",\"text_align_fallback\":\"center\",\"title\":\"Cliff Bak\",\"title_align\":\"top\",\"title_element\":\"div\",\"title_grid_breakpoint\":\"m\",\"title_grid_width\":\"1-2\",\"title_hover_style\":\"reset\",\"title_margin\":\"remove\",\"title_style\":\"h3\"}}]},{\"type\":\"column\",\"props\":{\"image_position\":\"center-center\",\"position_sticky_breakpoint\":\"m\",\"vertical_align\":\"middle\",\"width_small\":\"1-3\"},\"children\":[{\"type\":\"button\",\"props\":{\"grid_column_gap\":\"small\",\"grid_row_gap\":\"small\",\"margin\":\"default\",\"text_align\":\"right\",\"text_align_breakpoint\":\"s\",\"text_align_fallback\":\"center\"},\"children\":[{\"type\":\"button_item\",\"props\":{\"button_style\":\"text\",\"content\":\"+45 32 22 43 88\",\"dialog_layout\":\"modal\",\"dialog_offcanvas_flip\":true,\"icon_align\":\"left\",\"link\":\"tel:+4532224388\"}}]}]}]},{\"type\":\"row\",\"props\":{\"margin\":\"medium\"},\"children\":[{\"type\":\"column\",\"props\":{\"image_position\":\"center-center\",\"position_sticky_breakpoint\":\"m\",\"width_medium\":\"1-1\"},\"children\":[{\"type\":\"divider\",\"props\":{\"divider_element\":\"hr\"}}]}]},{\"type\":\"row\",\"props\":{\"column_gap\":\"small\",\"layout\":\"2-3,1-3\",\"row_gap\":\"small\"},\"children\":[{\"type\":\"column\",\"props\":{\"image_position\":\"center-center\",\"position_sticky_breakpoint\":\"m\",\"vertical_align\":\"middle\",\"width_small\":\"2-3\"},\"children\":[{\"type\":\"panel\",\"props\":{\"content_column_breakpoint\":\"m\",\"icon_width\":80,\"image\":\"wp-content\\\/uploads\\\/2024\\\/09\\\/R6M25246-scaled.jpg\",\"image_align\":\"left\",\"image_border\":\"circle\",\"image_grid_breakpoint\":\"s\",\"image_grid_column_gap\":\"medium\",\"image_grid_row_gap\":\"medium\",\"image_grid_width\":\"auto\",\"image_svg_color\":\"emphasis\",\"image_vertical_align\":true,\"image_width\":250,\"link_style\":\"default\",\"link_text\":\"Read more\",\"margin\":\"default\",\"meta\":\"Produktionsleiter\",\"meta_align\":\"above-title\",\"meta_color\":\"primary\",\"meta_element\":\"h3\",\"meta_style\":\"h5\",\"text_align\":\"left\",\"text_align_breakpoint\":\"s\",\"text_align_fallback\":\"center\",\"title\":\"Jan Laursen\",\"title_align\":\"top\",\"title_element\":\"div\",\"title_grid_breakpoint\":\"m\",\"title_grid_width\":\"1-2\",\"title_hover_style\":\"reset\",\"title_margin\":\"remove\",\"title_style\":\"h3\"}}]},{\"type\":\"column\",\"props\":{\"image_position\":\"center-center\",\"position_sticky_breakpoint\":\"m\",\"vertical_align\":\"middle\",\"width_small\":\"1-3\"},\"children\":[{\"type\":\"button\",\"props\":{\"grid_column_gap\":\"small\",\"grid_row_gap\":\"small\",\"margin\":\"default\",\"text_align\":\"right\",\"text_align_breakpoint\":\"s\",\"text_align_fallback\":\"center\"},\"children\":[{\"type\":\"button_item\",\"props\":{\"button_style\":\"text\",\"content\":\"+45 22 46 72 74\",\"dialog_layout\":\"modal\",\"dialog_offcanvas_flip\":true,\"icon_align\":\"left\",\"link\":\"tel:+45 22467274\"}}]}]}]},{\"type\":\"row\",\"props\":{\"margin\":\"medium\"},\"children\":[{\"type\":\"column\",\"props\":{\"image_position\":\"center-center\",\"position_sticky_breakpoint\":\"m\",\"width_medium\":\"1-1\"},\"children\":[{\"type\":\"divider\",\"props\":{\"divider_element\":\"hr\"}}]}]},{\"type\":\"row\",\"props\":{\"column_gap\":\"small\",\"layout\":\"2-3,1-3\",\"row_gap\":\"small\"},\"children\":[{\"type\":\"column\",\"props\":{\"image_position\":\"center-center\",\"position_sticky_breakpoint\":\"m\",\"vertical_align\":\"middle\",\"width_small\":\"2-3\"},\"children\":[{\"type\":\"panel\",\"props\":{\"content_column_breakpoint\":\"m\",\"icon_width\":80,\"image\":\"wp-content\\\/uploads\\\/2024\\\/09\\\/R6M25234.jpg\",\"image_align\":\"left\",\"image_border\":\"circle\",\"image_grid_breakpoint\":\"s\",\"image_grid_column_gap\":\"medium\",\"image_grid_row_gap\":\"medium\",\"image_grid_width\":\"auto\",\"image_svg_color\":\"emphasis\",\"image_vertical_align\":true,\"image_width\":250,\"link_style\":\"default\",\"link_text\":\"Read more\",\"margin\":\"default\",\"meta\":\"Vorarbeiter\",\"meta_align\":\"above-title\",\"meta_color\":\"primary\",\"meta_element\":\"h3\",\"meta_style\":\"h5\",\"text_align\":\"left\",\"text_align_breakpoint\":\"s\",\"text_align_fallback\":\"center\",\"title\":\"Stine Ven\\u00f8 Andersen\",\"title_align\":\"top\",\"title_element\":\"div\",\"title_grid_breakpoint\":\"m\",\"title_grid_width\":\"1-2\",\"title_hover_style\":\"reset\",\"title_margin\":\"remove\",\"title_style\":\"h3\"}}]},{\"type\":\"column\",\"props\":{\"image_position\":\"center-center\",\"position_sticky_breakpoint\":\"m\",\"vertical_align\":\"middle\",\"width_small\":\"1-3\"},\"children\":[{\"type\":\"button\",\"props\":{\"grid_column_gap\":\"small\",\"grid_row_gap\":\"small\",\"margin\":\"default\",\"text_align\":\"right\",\"text_align_breakpoint\":\"s\",\"text_align_fallback\":\"center\"},\"children\":[{\"type\":\"button_item\",\"props\":{\"button_style\":\"text\",\"content\":\"+45 30 87 11 11\",\"dialog_layout\":\"modal\",\"dialog_offcanvas_flip\":true,\"icon_align\":\"left\",\"link\":\"tel:+45 30871111\"}}]}]}]}]}],\"version\":\"4.5.13\",\"yooessentialsVersion\":\"2.3.10\"} --><\/p>\n","protected":false},"excerpt":{"rendered":"<p>Kontaktieren Sie uns f\u00fcr mehr 56.2596976,8.7896903 DenLAB Industrivej 12 7490 Aulum Danmark Rufnummer +45 30 87 11 11 E-mail hello@denlab.dk Entdecken Sie unseren Ausstellungsraum im DenLAB M\u00f6chten Sie unsere L\u00f6sungen und Produkte aus der N\u00e4he sehen? Bei DenLAB bieten wir Ihnen die M\u00f6glichkeit einer pers\u00f6nlichen F\u00fchrung durch unseren Ausstellungsraum. Hier k\u00f6nnen Sie unsere neuesten L\u00f6sungen [&hellip;]<\/p>\n","protected":false},"author":2,"featured_media":0,"parent":0,"menu_order":0,"comment_status":"closed","ping_status":"closed","template":"","meta":{"_acf_changed":false,"footnotes":""},"class_list":["post-550","page","type-page","status-publish","hentry"],"acf":[],"yoast_head":"<!-- This site is optimized with the Yoast SEO plugin v24.8.1 - https:\/\/yoast.com\/wordpress\/plugins\/seo\/ -->\n<title>Kontakt - DENLAB<\/title>\n<meta name=\"robots\" content=\"index, follow, max-snippet:-1, max-image-preview:large, max-video-preview:-1\" \/>\n<link rel=\"canonical\" href=\"https:\/\/denlab.dk\/de\/kontakt\/\" \/>\n<meta property=\"og:locale\" content=\"de_DE\" \/>\n<meta property=\"og:type\" content=\"article\" \/>\n<meta property=\"og:title\" content=\"Kontakt - DENLAB\" \/>\n<meta property=\"og:description\" content=\"Kontaktieren Sie uns f\u00fcr mehr 56.2596976,8.7896903 DenLAB Industrivej 12 7490 Aulum Danmark Rufnummer +45 30 87 11 11 E-mail hello@denlab.dk Entdecken Sie unseren Ausstellungsraum im DenLAB M\u00f6chten Sie unsere L\u00f6sungen und Produkte aus der N\u00e4he sehen? Bei DenLAB bieten wir Ihnen die M\u00f6glichkeit einer pers\u00f6nlichen F\u00fchrung durch unseren Ausstellungsraum. Hier k\u00f6nnen Sie unsere neuesten L\u00f6sungen [&hellip;]\" \/>\n<meta property=\"og:url\" content=\"https:\/\/denlab.dk\/de\/kontakt\/\" \/>\n<meta property=\"og:site_name\" content=\"DENLAB\" \/>\n<meta property=\"article:modified_time\" content=\"2026-01-05T12:47:40+00:00\" \/>\n<meta name=\"twitter:card\" content=\"summary_large_image\" \/>\n<meta name=\"twitter:label1\" content=\"Gesch\u00e4tzte Lesezeit\" \/>\n\t<meta name=\"twitter:data1\" content=\"2\u00a0Minuten\" \/>\n<script type=\"application\/ld+json\" class=\"yoast-schema-graph\">{\"@context\":\"https:\/\/schema.org\",\"@graph\":[{\"@type\":\"WebPage\",\"@id\":\"https:\/\/denlab.dk\/de\/kontakt\/\",\"url\":\"https:\/\/denlab.dk\/de\/kontakt\/\",\"name\":\"Kontakt - DENLAB\",\"isPartOf\":{\"@id\":\"https:\/\/denlab.dk\/de\/#website\"},\"datePublished\":\"2024-06-04T10:11:20+00:00\",\"dateModified\":\"2026-01-05T12:47:40+00:00\",\"breadcrumb\":{\"@id\":\"https:\/\/denlab.dk\/de\/kontakt\/#breadcrumb\"},\"inLanguage\":\"de\",\"potentialAction\":[{\"@type\":\"ReadAction\",\"target\":[\"https:\/\/denlab.dk\/de\/kontakt\/\"]}]},{\"@type\":\"BreadcrumbList\",\"@id\":\"https:\/\/denlab.dk\/de\/kontakt\/#breadcrumb\",\"itemListElement\":[{\"@type\":\"ListItem\",\"position\":1,\"name\":\"Hjem\",\"item\":\"https:\/\/denlab.dk\/de\/\"},{\"@type\":\"ListItem\",\"position\":2,\"name\":\"Kontakt\"}]},{\"@type\":\"WebSite\",\"@id\":\"https:\/\/denlab.dk\/de\/#website\",\"url\":\"https:\/\/denlab.dk\/de\/\",\"name\":\"DENLAB\",\"description\":\"Innovativt h\u00e5ndv\u00e6rk med socialt fokus\",\"potentialAction\":[{\"@type\":\"SearchAction\",\"target\":{\"@type\":\"EntryPoint\",\"urlTemplate\":\"https:\/\/denlab.dk\/de\/?s={search_term_string}\"},\"query-input\":{\"@type\":\"PropertyValueSpecification\",\"valueRequired\":true,\"valueName\":\"search_term_string\"}}],\"inLanguage\":\"de\"}]}<\/script>\n<!-- \/ Yoast SEO plugin. -->","yoast_head_json":{"title":"Kontakt - DENLAB","robots":{"index":"index","follow":"follow","max-snippet":"max-snippet:-1","max-image-preview":"max-image-preview:large","max-video-preview":"max-video-preview:-1"},"canonical":"https:\/\/denlab.dk\/de\/kontakt\/","og_locale":"de_DE","og_type":"article","og_title":"Kontakt - DENLAB","og_description":"Kontaktieren Sie uns f\u00fcr mehr 56.2596976,8.7896903 DenLAB Industrivej 12 7490 Aulum Danmark Rufnummer +45 30 87 11 11 E-mail hello@denlab.dk Entdecken Sie unseren Ausstellungsraum im DenLAB M\u00f6chten Sie unsere L\u00f6sungen und Produkte aus der N\u00e4he sehen? Bei DenLAB bieten wir Ihnen die M\u00f6glichkeit einer pers\u00f6nlichen F\u00fchrung durch unseren Ausstellungsraum. Hier k\u00f6nnen Sie unsere neuesten L\u00f6sungen [&hellip;]","og_url":"https:\/\/denlab.dk\/de\/kontakt\/","og_site_name":"DENLAB","article_modified_time":"2026-01-05T12:47:40+00:00","twitter_card":"summary_large_image","twitter_misc":{"Gesch\u00e4tzte Lesezeit":"2\u00a0Minuten"},"schema":{"@context":"https:\/\/schema.org","@graph":[{"@type":"WebPage","@id":"https:\/\/denlab.dk\/de\/kontakt\/","url":"https:\/\/denlab.dk\/de\/kontakt\/","name":"Kontakt - DENLAB","isPartOf":{"@id":"https:\/\/denlab.dk\/de\/#website"},"datePublished":"2024-06-04T10:11:20+00:00","dateModified":"2026-01-05T12:47:40+00:00","breadcrumb":{"@id":"https:\/\/denlab.dk\/de\/kontakt\/#breadcrumb"},"inLanguage":"de","potentialAction":[{"@type":"ReadAction","target":["https:\/\/denlab.dk\/de\/kontakt\/"]}]},{"@type":"BreadcrumbList","@id":"https:\/\/denlab.dk\/de\/kontakt\/#breadcrumb","itemListElement":[{"@type":"ListItem","position":1,"name":"Hjem","item":"https:\/\/denlab.dk\/de\/"},{"@type":"ListItem","position":2,"name":"Kontakt"}]},{"@type":"WebSite","@id":"https:\/\/denlab.dk\/de\/#website","url":"https:\/\/denlab.dk\/de\/","name":"DENLAB","description":"Innovativt h\u00e5ndv\u00e6rk med socialt fokus","potentialAction":[{"@type":"SearchAction","target":{"@type":"EntryPoint","urlTemplate":"https:\/\/denlab.dk\/de\/?s={search_term_string}"},"query-input":{"@type":"PropertyValueSpecification","valueRequired":true,"valueName":"search_term_string"}}],"inLanguage":"de"}]}},"_links":{"self":[{"href":"https:\/\/denlab.dk\/de\/wp-json\/wp\/v2\/pages\/550","targetHints":{"allow":["GET"]}}],"collection":[{"href":"https:\/\/denlab.dk\/de\/wp-json\/wp\/v2\/pages"}],"about":[{"href":"https:\/\/denlab.dk\/de\/wp-json\/wp\/v2\/types\/page"}],"author":[{"embeddable":true,"href":"https:\/\/denlab.dk\/de\/wp-json\/wp\/v2\/users\/2"}],"replies":[{"embeddable":true,"href":"https:\/\/denlab.dk\/de\/wp-json\/wp\/v2\/comments?post=550"}],"version-history":[{"count":15,"href":"https:\/\/denlab.dk\/de\/wp-json\/wp\/v2\/pages\/550\/revisions"}],"predecessor-version":[{"id":721,"href":"https:\/\/denlab.dk\/de\/wp-json\/wp\/v2\/pages\/550\/revisions\/721"}],"wp:attachment":[{"href":"https:\/\/denlab.dk\/de\/wp-json\/wp\/v2\/media?parent=550"}],"curies":[{"name":"wp","href":"https:\/\/api.w.org\/{rel}","templated":true}]}}