{"id":527,"date":"2024-06-04T11:11:31","date_gmt":"2024-06-04T09:11:31","guid":{"rendered":"https:\/\/staging.denlab.dk\/produktion\/"},"modified":"2024-09-26T12:58:04","modified_gmt":"2024-09-26T10:58:04","slug":"produktion","status":"publish","type":"page","link":"https:\/\/denlab.dk\/de\/produktion\/","title":{"rendered":"Produktion"},"content":{"rendered":"<div>\n<p>    <img decoding=\"async\" src=\"\/wp-content\/uploads\/2024\/09\/R6M24219-1.jpg\" alt=\"\"><\/p>\n<h3>Fortschrittliche und verantwortungsvolle Fertigung<\/h3>\n<p>Entwurf und Entwicklung von Ladeneinrichtungen und Modulen<\/p>\n<\/div>\n<div>\n<p>        <img decoding=\"async\" src=\"\/wp-content\/uploads\/2024\/04\/thomas-klit.jpg\" alt=\"\"><\/p>\n<h3>Moderne Maschinen f\u00fcr Pr\u00e4zision und Effizienz<\/h3>\n<div>Unsere Produktionsst\u00e4tten sind mit einem hochmodernen Maschinenpark ausgestattet, der es uns erm\u00f6glicht, komplexe und pr\u00e4zise Aufgaben mit einem hohen Ma\u00df an Effizienz zu erf\u00fcllen. Wir investieren kontinuierlich in unseren Maschinenpark, damit wir unseren Kunden die besten L\u00f6sungen anbieten k\u00f6nnen. Der Maschinenpark von DenLAB umfasst mehrere CNC-Maschinen und Flachbettdrucker, die es uns erm\u00f6glichen, mit hoher Pr\u00e4zision und Wiederholbarkeit zu arbeiten, egal ob es sich um komplexe Muster oder Einzelanfertigungen handelt.<\/div>\n<\/div>\n<div>\n<h3>Moderne Technik <br \/>und Fachwissen in der Holzbearbeitung<\/h3>\n<div>Au\u00dferdem verf\u00fcgen wir \u00fcber moderne Schneide- und Fr\u00e4smaschinen, die alle Holzarten bearbeiten k\u00f6nnen und eine glatte und makellose Oberfl\u00e4che gew\u00e4hrleisten. Unsere Einrichtungen sind so konzipiert, dass sie den gesamten Produktionsprozess vom Rohmaterial bis zum fertigen Produkt unterst\u00fctzen. Dank des gro\u00dfz\u00fcgigen Raums f\u00fcr die Lagerung und Verarbeitung der Materialien k\u00f6nnen wir eine rationelle Produktion aufrechterhalten, die kurze Vorlaufzeiten ohne Qualit\u00e4tseinbu\u00dfen gew\u00e4hrleistet.\n<\/div>\n<\/div>\n<div>\n<p>        <img decoding=\"async\" src=\"\/wp-content\/uploads\/2024\/04\/denlab-1.jpg\" alt=\"\"><\/p>\n<h3>Traditionelle Handwerkskunst kombiniert mit Innovation<\/h3>\n<div>Aber es sind nicht nur unsere Maschinen, die den Unterschied ausmachen. Unser Team aus erfahrenen Mitarbeitern arbeitet bei jedem Auftrag eng zusammen und sorgt daf\u00fcr, dass jedes Detail mit gr\u00f6\u00dfter Sorgfalt behandelt wird. Wir kombinieren traditionelle Handwerkskunst mit moderner Technologie, um L\u00f6sungen zu schaffen, die sowohl sch\u00f6n als auch langlebig sind. Wenn Sie sich f\u00fcr DenLAB entscheiden, entscheiden Sie sich f\u00fcr einen Partner, der sich der Qualit\u00e4t in jedem Aspekt der Produktion verschrieben hat. Wir helfen Ihnen, Ihre Ideen mit den besten Werkzeugen und Einrichtungen der Branche zum Leben zu erwecken.\n<\/div>\n<\/div>\n<p><!--more--><br \/>\n<!-- {\"type\":\"layout\",\"children\":[{\"type\":\"section\",\"props\":{\"divider_height\":\"120\",\"divider_layers_gap\":\"5\",\"divider_layers_opacity\":\"0.5\",\"divider_position\":\"top\",\"divider_responsive\":true,\"divider_shadow_blur_radius\":\"5\",\"divider_shadow_color\":\"#00000080\",\"divider_shadow_offset_x\":\"0\",\"divider_shadow_offset_y\":\"5\",\"divider_width\":\"100\",\"header_transparent\":true,\"header_transparent_noplaceholder\":true,\"image_position\":\"center-center\",\"padding\":\"none\",\"padding_custom_bottom\":\"70\",\"padding_custom_top\":\"70\",\"style\":\"default\",\"style_custom_color\":\"#ccc\",\"title_breakpoint\":\"xl\",\"title_position\":\"top-left\",\"title_rotation\":\"left\",\"vertical_align\":\"middle\",\"width\":\"\"},\"children\":[{\"type\":\"row\",\"children\":[{\"type\":\"column\",\"props\":{\"image_position\":\"center-center\",\"position_sticky_breakpoint\":\"m\"},\"children\":[{\"type\":\"slideshow\",\"props\":{\"link_style\":\"default\",\"link_text\":\"Read more\",\"margin\":\"default\",\"meta_align\":\"above-title\",\"meta_color\":\"primary\",\"meta_element\":\"div\",\"meta_style\":\"h3\",\"nav\":\"\",\"nav_align\":\"center\",\"nav_breakpoint\":\"s\",\"nav_position\":\"bottom-center\",\"nav_position_margin\":\"medium\",\"overlay_animation\":\"scale-up\",\"overlay_margin\":\"large\",\"overlay_position\":\"bottom-center\",\"show_content\":true,\"show_link\":true,\"show_meta\":true,\"show_thumbnail\":true,\"show_title\":true,\"slidenav\":\"\",\"slidenav_breakpoint\":\"s\",\"slidenav_margin\":\"medium\",\"slidenav_outside_breakpoint\":\"xl\",\"slideshow_autoplay_pause\":true,\"slideshow_height\":\"viewport\",\"slideshow_height_offset_top\":false,\"slideshow_height_viewport\":80,\"slideshow_kenburns\":\"alternate\",\"slideshow_min_height\":300,\"slideshow_parallax\":false,\"text_align\":\"center\",\"thumbnav_height\":\"75\",\"thumbnav_svg_color\":\"emphasis\",\"thumbnav_width\":\"100\",\"title_element\":\"h3\",\"title_margin\":\"small\",\"title_style\":\"heading-medium\"},\"children\":[{\"type\":\"slideshow_item\",\"props\":{\"image\":\"wp-content\\\/uploads\\\/2024\\\/09\\\/R6M24219-1.jpg\",\"media_overlay\":\"rgba(0, 0, 0, 0.4)\",\"meta\":\"Entwurf und Entwicklung von Ladeneinrichtungen und Modulen\",\"text_color\":\"light\",\"title\":\"Fortschrittliche und verantwortungsvolle Fertigung\"}}]}]}]}],\"name\":\"Hero v2\"},{\"type\":\"section\",\"props\":{\"divider_height\":\"120\",\"divider_layers_gap\":\"5\",\"divider_layers_opacity\":\"0.5\",\"divider_position\":\"top\",\"divider_responsive\":true,\"divider_shadow_blur_radius\":\"5\",\"divider_shadow_color\":\"#00000080\",\"divider_shadow_offset_x\":\"0\",\"divider_shadow_offset_y\":\"5\",\"divider_width\":\"100\",\"image_position\":\"center-center\",\"padding\":\"large\",\"padding_custom_bottom\":\"70\",\"padding_custom_top\":\"70\",\"style\":\"default\",\"style_custom_color\":\"#ccc\",\"title_breakpoint\":\"xl\",\"title_position\":\"top-left\",\"title_rotation\":\"left\",\"vertical_align\":\"middle\",\"width\":\"default\"},\"children\":[{\"type\":\"row\",\"children\":[{\"type\":\"column\",\"props\":{\"image_position\":\"center-center\",\"position_sticky_breakpoint\":\"m\"},\"children\":[{\"type\":\"panel\",\"props\":{\"block_align\":\"center\",\"content\":\"Unsere Produktionsst\\u00e4tten sind mit einem hochmodernen Maschinenpark ausgestattet, der es uns erm\\u00f6glicht, komplexe und pr\\u00e4zise Aufgaben mit einem hohen Ma\\u00df an Effizienz zu erf\\u00fcllen. Wir investieren kontinuierlich in unseren Maschinenpark, damit wir unseren Kunden die besten L\\u00f6sungen anbieten k\\u00f6nnen. Der Maschinenpark von DenLAB umfasst mehrere CNC-Maschinen und Flachbettdrucker, die es uns erm\\u00f6glichen, mit hoher Pr\\u00e4zision und Wiederholbarkeit zu arbeiten, egal ob es sich um komplexe Muster oder Einzelanfertigungen handelt.\",\"content_column_breakpoint\":\"m\",\"icon_width\":80,\"image\":\"wp-content\\\/uploads\\\/2024\\\/04\\\/thomas-klit.jpg\",\"image_align\":\"right\",\"image_grid_breakpoint\":\"m\",\"image_grid_width\":\"3-5\",\"image_height\":720,\"image_svg_color\":\"emphasis\",\"image_vertical_align\":true,\"image_width\":960,\"link_style\":\"primary\",\"link_text\":\"L\\u00e6s mere\",\"margin\":\"default\",\"meta_align\":\"below-title\",\"meta_element\":\"div\",\"meta_style\":\"text-meta\",\"text_align\":\"left\",\"title\":\"Moderne Maschinen f\\u00fcr Pr\\u00e4zision und Effizienz\",\"title_align\":\"top\",\"title_element\":\"h3\",\"title_grid_breakpoint\":\"m\",\"title_grid_width\":\"1-2\",\"title_hover_style\":\"reset\",\"title_style\":\"h2\"}}]}]}]},{\"type\":\"section\",\"props\":{\"divider_height\":\"120\",\"divider_layers_gap\":\"5\",\"divider_layers_opacity\":\"0.5\",\"divider_position\":\"top\",\"divider_responsive\":true,\"divider_shadow_blur_radius\":\"5\",\"divider_shadow_color\":\"#00000080\",\"divider_shadow_offset_x\":\"0\",\"divider_shadow_offset_y\":\"5\",\"divider_width\":\"100\",\"image\":\"wp-content\\\/uploads\\\/2024\\\/09\\\/R6M24190.jpg\",\"image_position\":\"center-center\",\"image_size\":\"cover\",\"image_width\":2500,\"media_overlay\":\"rgba(0, 0, 0, 0.29)\",\"padding\":\"large\",\"padding_custom_bottom\":\"70\",\"padding_custom_top\":\"70\",\"style\":\"primary\",\"style_custom_color\":\"#ccc\",\"title_breakpoint\":\"xl\",\"title_position\":\"top-left\",\"title_rotation\":\"left\",\"vertical_align\":\"middle\",\"width\":\"default\"},\"children\":[{\"type\":\"row\",\"children\":[{\"type\":\"column\",\"props\":{\"image_position\":\"center-center\",\"position_sticky_breakpoint\":\"m\"},\"children\":[{\"type\":\"panel\",\"props\":{\"block_align\":\"center\",\"content\":\"Au\\u00dferdem verf\\u00fcgen wir \\u00fcber moderne Schneide- und Fr\\u00e4smaschinen, die alle Holzarten bearbeiten k\\u00f6nnen und eine glatte und makellose Oberfl\\u00e4che gew\\u00e4hrleisten. Unsere Einrichtungen sind so konzipiert, dass sie den gesamten Produktionsprozess vom Rohmaterial bis zum fertigen Produkt unterst\\u00fctzen. Dank des gro\\u00dfz\\u00fcgigen Raums f\\u00fcr die Lagerung und Verarbeitung der Materialien k\\u00f6nnen wir eine rationelle Produktion aufrechterhalten, die kurze Vorlaufzeiten ohne Qualit\\u00e4tseinbu\\u00dfen gew\\u00e4hrleistet.\\n\",\"content_column_breakpoint\":\"m\",\"icon_width\":80,\"image_align\":\"top\",\"image_grid_breakpoint\":\"m\",\"image_grid_width\":\"1-2\",\"image_svg_color\":\"emphasis\",\"link_style\":\"primary\",\"link_text\":\"L\\u00e6s mere\",\"margin\":\"default\",\"maxwidth\":\"xlarge\",\"meta_align\":\"below-title\",\"meta_element\":\"div\",\"meta_style\":\"text-meta\",\"text_align\":\"center\",\"title\":\"Moderne Technik <br \/>und Fachwissen in der Holzbearbeitung\",\"title_align\":\"top\",\"title_element\":\"h3\",\"title_grid_breakpoint\":\"m\",\"title_grid_width\":\"1-2\",\"title_hover_style\":\"reset\",\"title_style\":\"h2\"}}]}]}]},{\"type\":\"section\",\"props\":{\"divider_height\":\"120\",\"divider_layers_gap\":\"5\",\"divider_layers_opacity\":\"0.5\",\"divider_position\":\"top\",\"divider_responsive\":true,\"divider_shadow_blur_radius\":\"5\",\"divider_shadow_color\":\"#00000080\",\"divider_shadow_offset_x\":\"0\",\"divider_shadow_offset_y\":\"5\",\"divider_width\":\"100\",\"image_position\":\"center-center\",\"padding_custom_bottom\":\"70\",\"padding_custom_top\":\"70\",\"style\":\"default\",\"style_custom_color\":\"#ccc\",\"title_breakpoint\":\"xl\",\"title_position\":\"top-left\",\"title_rotation\":\"left\",\"vertical_align\":\"middle\",\"width\":\"default\"},\"children\":[{\"type\":\"row\",\"children\":[{\"type\":\"column\",\"props\":{\"image_position\":\"center-center\",\"position_sticky_breakpoint\":\"m\"},\"children\":[{\"type\":\"panel\",\"props\":{\"content\":\"Aber es sind nicht nur unsere Maschinen, die den Unterschied ausmachen. Unser Team aus erfahrenen Mitarbeitern arbeitet bei jedem Auftrag eng zusammen und sorgt daf\\u00fcr, dass jedes Detail mit gr\\u00f6\\u00dfter Sorgfalt behandelt wird. Wir kombinieren traditionelle Handwerkskunst mit moderner Technologie, um L\\u00f6sungen zu schaffen, die sowohl sch\\u00f6n als auch langlebig sind. Wenn Sie sich f\\u00fcr DenLAB entscheiden, entscheiden Sie sich f\\u00fcr einen Partner, der sich der Qualit\\u00e4t in jedem Aspekt der Produktion verschrieben hat. Wir helfen Ihnen, Ihre Ideen mit den besten Werkzeugen und Einrichtungen der Branche zum Leben zu erwecken.\\n\",\"content_column_breakpoint\":\"m\",\"icon_width\":80,\"image\":\"wp-content\\\/uploads\\\/2024\\\/04\\\/denlab-1.jpg\",\"image_align\":\"left\",\"image_grid_breakpoint\":\"m\",\"image_grid_width\":\"3-5\",\"image_height\":720,\"image_svg_color\":\"emphasis\",\"image_vertical_align\":true,\"image_width\":960,\"link_style\":\"primary\",\"link_text\":\"L\\u00e6s mere\",\"margin\":\"default\",\"meta_align\":\"below-title\",\"meta_element\":\"div\",\"meta_style\":\"text-meta\",\"text_align\":\"left\",\"title\":\"Traditionelle Handwerkskunst kombiniert mit Innovation\",\"title_align\":\"top\",\"title_element\":\"h3\",\"title_grid_breakpoint\":\"m\",\"title_grid_width\":\"1-2\",\"title_hover_style\":\"reset\",\"title_style\":\"h2\"}}]}]}]}],\"version\":\"4.4.8\",\"yooessentialsVersion\":\"2.2.19\"} --><\/p>\n","protected":false},"excerpt":{"rendered":"<p>Fortschrittliche und verantwortungsvolle Fertigung Entwurf und Entwicklung von Ladeneinrichtungen und Modulen Moderne Maschinen f\u00fcr Pr\u00e4zision und Effizienz Unsere Produktionsst\u00e4tten sind mit einem hochmodernen Maschinenpark ausgestattet, der es uns erm\u00f6glicht, komplexe und pr\u00e4zise Aufgaben mit einem hohen Ma\u00df an Effizienz zu erf\u00fcllen. Wir investieren kontinuierlich in unseren Maschinenpark, damit wir unseren Kunden die besten L\u00f6sungen anbieten [&hellip;]<\/p>\n","protected":false},"author":2,"featured_media":0,"parent":0,"menu_order":0,"comment_status":"closed","ping_status":"closed","template":"","meta":{"_acf_changed":false,"footnotes":""},"class_list":["post-527","page","type-page","status-publish","hentry"],"acf":[],"yoast_head":"<!-- This site is optimized with the Yoast SEO plugin v24.8.1 - https:\/\/yoast.com\/wordpress\/plugins\/seo\/ -->\n<title>Produktion - DENLAB<\/title>\n<meta name=\"robots\" content=\"index, follow, max-snippet:-1, max-image-preview:large, max-video-preview:-1\" \/>\n<link rel=\"canonical\" href=\"https:\/\/denlab.dk\/de\/produktion\/\" \/>\n<meta property=\"og:locale\" content=\"de_DE\" \/>\n<meta property=\"og:type\" content=\"article\" \/>\n<meta property=\"og:title\" content=\"Produktion - DENLAB\" \/>\n<meta property=\"og:description\" content=\"Fortschrittliche und verantwortungsvolle Fertigung Entwurf und Entwicklung von Ladeneinrichtungen und Modulen Moderne Maschinen f\u00fcr Pr\u00e4zision und Effizienz Unsere Produktionsst\u00e4tten sind mit einem hochmodernen Maschinenpark ausgestattet, der es uns erm\u00f6glicht, komplexe und pr\u00e4zise Aufgaben mit einem hohen Ma\u00df an Effizienz zu erf\u00fcllen. Wir investieren kontinuierlich in unseren Maschinenpark, damit wir unseren Kunden die besten L\u00f6sungen anbieten [&hellip;]\" \/>\n<meta property=\"og:url\" content=\"https:\/\/denlab.dk\/de\/produktion\/\" \/>\n<meta property=\"og:site_name\" content=\"DENLAB\" \/>\n<meta property=\"article:modified_time\" content=\"2024-09-26T10:58:04+00:00\" \/>\n<meta name=\"twitter:card\" content=\"summary_large_image\" \/>\n<script type=\"application\/ld+json\" class=\"yoast-schema-graph\">{\"@context\":\"https:\/\/schema.org\",\"@graph\":[{\"@type\":\"WebPage\",\"@id\":\"https:\/\/denlab.dk\/de\/produktion\/\",\"url\":\"https:\/\/denlab.dk\/de\/produktion\/\",\"name\":\"Produktion - DENLAB\",\"isPartOf\":{\"@id\":\"https:\/\/denlab.dk\/de\/#website\"},\"datePublished\":\"2024-06-04T09:11:31+00:00\",\"dateModified\":\"2024-09-26T10:58:04+00:00\",\"breadcrumb\":{\"@id\":\"https:\/\/denlab.dk\/de\/produktion\/#breadcrumb\"},\"inLanguage\":\"de\",\"potentialAction\":[{\"@type\":\"ReadAction\",\"target\":[\"https:\/\/denlab.dk\/de\/produktion\/\"]}]},{\"@type\":\"BreadcrumbList\",\"@id\":\"https:\/\/denlab.dk\/de\/produktion\/#breadcrumb\",\"itemListElement\":[{\"@type\":\"ListItem\",\"position\":1,\"name\":\"Hjem\",\"item\":\"https:\/\/denlab.dk\/de\/\"},{\"@type\":\"ListItem\",\"position\":2,\"name\":\"Produktion\"}]},{\"@type\":\"WebSite\",\"@id\":\"https:\/\/denlab.dk\/de\/#website\",\"url\":\"https:\/\/denlab.dk\/de\/\",\"name\":\"DENLAB\",\"description\":\"Innovativt h\u00e5ndv\u00e6rk med socialt fokus\",\"potentialAction\":[{\"@type\":\"SearchAction\",\"target\":{\"@type\":\"EntryPoint\",\"urlTemplate\":\"https:\/\/denlab.dk\/de\/?s={search_term_string}\"},\"query-input\":{\"@type\":\"PropertyValueSpecification\",\"valueRequired\":true,\"valueName\":\"search_term_string\"}}],\"inLanguage\":\"de\"}]}<\/script>\n<!-- \/ Yoast SEO plugin. -->","yoast_head_json":{"title":"Produktion - DENLAB","robots":{"index":"index","follow":"follow","max-snippet":"max-snippet:-1","max-image-preview":"max-image-preview:large","max-video-preview":"max-video-preview:-1"},"canonical":"https:\/\/denlab.dk\/de\/produktion\/","og_locale":"de_DE","og_type":"article","og_title":"Produktion - DENLAB","og_description":"Fortschrittliche und verantwortungsvolle Fertigung Entwurf und Entwicklung von Ladeneinrichtungen und Modulen Moderne Maschinen f\u00fcr Pr\u00e4zision und Effizienz Unsere Produktionsst\u00e4tten sind mit einem hochmodernen Maschinenpark ausgestattet, der es uns erm\u00f6glicht, komplexe und pr\u00e4zise Aufgaben mit einem hohen Ma\u00df an Effizienz zu erf\u00fcllen. Wir investieren kontinuierlich in unseren Maschinenpark, damit wir unseren Kunden die besten L\u00f6sungen anbieten [&hellip;]","og_url":"https:\/\/denlab.dk\/de\/produktion\/","og_site_name":"DENLAB","article_modified_time":"2024-09-26T10:58:04+00:00","twitter_card":"summary_large_image","schema":{"@context":"https:\/\/schema.org","@graph":[{"@type":"WebPage","@id":"https:\/\/denlab.dk\/de\/produktion\/","url":"https:\/\/denlab.dk\/de\/produktion\/","name":"Produktion - DENLAB","isPartOf":{"@id":"https:\/\/denlab.dk\/de\/#website"},"datePublished":"2024-06-04T09:11:31+00:00","dateModified":"2024-09-26T10:58:04+00:00","breadcrumb":{"@id":"https:\/\/denlab.dk\/de\/produktion\/#breadcrumb"},"inLanguage":"de","potentialAction":[{"@type":"ReadAction","target":["https:\/\/denlab.dk\/de\/produktion\/"]}]},{"@type":"BreadcrumbList","@id":"https:\/\/denlab.dk\/de\/produktion\/#breadcrumb","itemListElement":[{"@type":"ListItem","position":1,"name":"Hjem","item":"https:\/\/denlab.dk\/de\/"},{"@type":"ListItem","position":2,"name":"Produktion"}]},{"@type":"WebSite","@id":"https:\/\/denlab.dk\/de\/#website","url":"https:\/\/denlab.dk\/de\/","name":"DENLAB","description":"Innovativt h\u00e5ndv\u00e6rk med socialt fokus","potentialAction":[{"@type":"SearchAction","target":{"@type":"EntryPoint","urlTemplate":"https:\/\/denlab.dk\/de\/?s={search_term_string}"},"query-input":{"@type":"PropertyValueSpecification","valueRequired":true,"valueName":"search_term_string"}}],"inLanguage":"de"}]}},"_links":{"self":[{"href":"https:\/\/denlab.dk\/de\/wp-json\/wp\/v2\/pages\/527","targetHints":{"allow":["GET"]}}],"collection":[{"href":"https:\/\/denlab.dk\/de\/wp-json\/wp\/v2\/pages"}],"about":[{"href":"https:\/\/denlab.dk\/de\/wp-json\/wp\/v2\/types\/page"}],"author":[{"embeddable":true,"href":"https:\/\/denlab.dk\/de\/wp-json\/wp\/v2\/users\/2"}],"replies":[{"embeddable":true,"href":"https:\/\/denlab.dk\/de\/wp-json\/wp\/v2\/comments?post=527"}],"version-history":[{"count":4,"href":"https:\/\/denlab.dk\/de\/wp-json\/wp\/v2\/pages\/527\/revisions"}],"predecessor-version":[{"id":533,"href":"https:\/\/denlab.dk\/de\/wp-json\/wp\/v2\/pages\/527\/revisions\/533"}],"wp:attachment":[{"href":"https:\/\/denlab.dk\/de\/wp-json\/wp\/v2\/media?parent=527"}],"curies":[{"name":"wp","href":"https:\/\/api.w.org\/{rel}","templated":true}]}}