{"id":515,"date":"2024-06-21T10:56:53","date_gmt":"2024-06-21T08:56:53","guid":{"rendered":"https:\/\/staging.denlab.dk\/loesninger\/"},"modified":"2025-04-10T11:49:05","modified_gmt":"2025-04-10T09:49:05","slug":"loesungen","status":"publish","type":"page","link":"https:\/\/denlab.dk\/de\/loesungen\/","title":{"rendered":"L\u00f6sungen"},"content":{"rendered":"<div>\n<p>    <img decoding=\"async\" src=\"\/wp-content\/uploads\/2024\/09\/R6M24141.jpg\" alt=\"\"><\/p>\n<h3>Unsere L\u00f6sungen<\/h3>\n<p>Entwurf und Entwicklung von Ladeneinrichtungen und Modulen<\/p>\n<\/div>\n<div>Von der Idee zur Wirklichkeit<\/div>\n<h2>Ma\u00dfgeschneiderte L\u00f6sungen in Holz<\/h2>\n<div>Bei DenLAB sind wir mehr als nur ein Hersteller &#8211; wir sind Ihr Partner w\u00e4hrend des gesamten Prozesses. Unser Ziel ist es, Holzl\u00f6sungen zu schaffen, die nicht nur Ihre Anforderungen erf\u00fcllen, sondern auch Ihre Erwartungen \u00fcbertreffen. Gemeinsam schaffen wir etwas wirklich Einzigartiges. Wir sind darauf spezialisiert, einzigartige Holzl\u00f6sungen zu schaffen, die \u00c4sthetik, Funktionalit\u00e4t und Innovation miteinander verbinden. Wir glauben, dass jede Idee Potenzial hat. Deshalb arbeiten wir eng mit unseren Kunden zusammen &#8211; von der ersten Idee bis zum fertigen Produkt.<\/div>\n<hr>\n<div>\n<p>Unser Ansatz ist einfach: Keine Idee ist zu gro\u00df, zu klein oder zu anders. Wir sch\u00e4tzen die Kreativit\u00e4t und die einzigartige Vision, die jeder Kunde mitbringt. Ganz gleich, ob Sie eine Skizze auf Papier, eine lose Idee oder einen detaillierten Plan haben, wir sind bereit, Ihre Gedanken in die Realit\u00e4t umzusetzen.<\/p>\n<p>Unser Prozess beginnt mit einer gr\u00fcndlichen Ideenfindungsphase, in der wir gemeinsam mit Ihnen die M\u00f6glichkeiten ausloten und festlegen, wie Ihre Vision am besten in Holz umgesetzt werden kann. Anschlie\u00dfend gehen wir in die Entwurfsphase \u00fcber, in der wir Ihre Vision mit unserem Fachwissen kombinieren, um eine L\u00f6sung zu schaffen, die sowohl sch\u00f6n als auch funktional ist.<\/p>\n<\/div>\n<div>\n<\/div>\n<h2>Kontaktieren Sie uns heute<\/h2>\n<h5>\n<p>Senden Sie uns hier eine Nachricht, <br \/>oder kontaktieren Sie uns per Telefon <a href=\"tel:+4530871111\" style=\"text-decoration: underline;\">30 87 11 11<\/a><\/p>\n<\/h5>\n<p><img decoding=\"async\" src=\"\/wp-content\/uploads\/2024\/09\/R6M25197.jpg\" alt=\"\"><\/p>\n<p><!--more--><br \/>\n<!-- {\"type\":\"layout\",\"children\":[{\"type\":\"section\",\"props\":{\"divider_height\":\"120\",\"divider_layers_gap\":\"5\",\"divider_layers_opacity\":\"0.5\",\"divider_position\":\"top\",\"divider_responsive\":true,\"divider_shadow_blur_radius\":\"5\",\"divider_shadow_color\":\"#00000080\",\"divider_shadow_offset_x\":\"0\",\"divider_shadow_offset_y\":\"5\",\"divider_width\":\"100\",\"header_transparent\":true,\"header_transparent_noplaceholder\":true,\"image_position\":\"center-center\",\"padding\":\"none\",\"padding_custom_bottom\":\"70\",\"padding_custom_top\":\"70\",\"style\":\"default\",\"style_custom_color\":\"#ccc\",\"title_breakpoint\":\"xl\",\"title_position\":\"top-left\",\"title_rotation\":\"left\",\"vertical_align\":\"middle\",\"width\":\"\"},\"children\":[{\"type\":\"row\",\"children\":[{\"type\":\"column\",\"props\":{\"image_position\":\"center-center\",\"position_sticky_breakpoint\":\"m\"},\"children\":[{\"type\":\"slideshow\",\"props\":{\"link_style\":\"default\",\"link_text\":\"Read more\",\"margin\":\"default\",\"meta_align\":\"above-title\",\"meta_color\":\"primary\",\"meta_element\":\"div\",\"meta_style\":\"h3\",\"nav\":\"\",\"nav_align\":\"center\",\"nav_breakpoint\":\"s\",\"nav_position\":\"bottom-center\",\"nav_position_margin\":\"medium\",\"overlay_animation\":\"scale-up\",\"overlay_margin\":\"large\",\"overlay_position\":\"bottom-center\",\"show_content\":true,\"show_link\":true,\"show_meta\":true,\"show_thumbnail\":true,\"show_title\":true,\"slidenav\":\"\",\"slidenav_breakpoint\":\"s\",\"slidenav_margin\":\"medium\",\"slidenav_outside_breakpoint\":\"xl\",\"slideshow_autoplay_pause\":true,\"slideshow_height\":\"viewport\",\"slideshow_height_offset_top\":false,\"slideshow_height_viewport\":80,\"slideshow_kenburns\":\"alternate\",\"slideshow_min_height\":300,\"slideshow_parallax\":false,\"text_align\":\"center\",\"thumbnav_height\":\"75\",\"thumbnav_svg_color\":\"emphasis\",\"thumbnav_width\":\"100\",\"title_element\":\"h3\",\"title_hover_style\":\"reset\",\"title_margin\":\"small\",\"title_style\":\"heading-medium\"},\"children\":[{\"type\":\"slideshow_item\",\"props\":{\"image\":\"wp-content\\\/uploads\\\/2024\\\/09\\\/R6M24141.jpg\",\"media_overlay\":\"rgba(0, 0, 0, 0.4)\",\"meta\":\"Entwurf und Entwicklung von Ladeneinrichtungen und Modulen\",\"text_color\":\"light\",\"title\":\"Unsere L\\u00f6sungen\"}}]}]}]}],\"name\":\"Hero v2\"},{\"name\":\"120924\",\"type\":\"section\",\"props\":{\"animation\":\"slide-left-small\",\"animation_delay\":\"200\",\"divider_color_inherit_section\":false,\"divider_flip\":false,\"divider_height\":\"120\",\"divider_invert\":true,\"divider_layers_gap\":\"5\",\"divider_layers_opacity\":\"0.5\",\"divider_position\":\"bottom\",\"divider_responsive\":true,\"divider_shadow_blur_radius\":\"5\",\"divider_shadow_color\":\"#00000080\",\"divider_shadow_offset_x\":\"0\",\"divider_shadow_offset_y\":\"5\",\"divider_width\":\"100\",\"image_position\":\"center-center\",\"overlap\":true,\"padding\":\"large\",\"padding_custom_bottom\":\"70\",\"padding_custom_top\":\"70\",\"style\":\"default\",\"style_custom_color\":\"#ccc\",\"title_breakpoint\":\"xl\",\"title_position\":\"top-left\",\"title_rotation\":\"left\",\"vertical_align\":\"middle\",\"width\":\"large\"},\"children\":[{\"type\":\"row\",\"props\":{\"alignment\":\"center\",\"column_gap\":\"large\",\"row_gap\":\"large\",\"width\":\"xsmall\"},\"children\":[{\"type\":\"column\",\"props\":{\"image_position\":\"center-center\",\"position_sticky_breakpoint\":\"m\",\"vertical_align\":\"middle\"},\"children\":[{\"type\":\"headline\",\"props\":{\"content\":\"Von der Idee zur Wirklichkeit\",\"text_align\":\"center\",\"title_color\":\"primary\",\"title_element\":\"div\",\"title_style\":\"h4\"}},{\"type\":\"headline\",\"props\":{\"content\":\"Ma\\u00dfgeschneiderte L\\u00f6sungen in Holz\",\"margin\":\"medium\",\"margin_remove_top\":true,\"text_align\":\"center\",\"title_element\":\"h2\",\"title_style\":\"heading-medium\"}},{\"type\":\"text\",\"props\":{\"column_breakpoint\":\"m\",\"content\":\"Bei DenLAB sind wir mehr als nur ein Hersteller - wir sind Ihr Partner w\\u00e4hrend des gesamten Prozesses. Unser Ziel ist es, Holzl\\u00f6sungen zu schaffen, die nicht nur Ihre Anforderungen erf\\u00fcllen, sondern auch Ihre Erwartungen \\u00fcbertreffen. Gemeinsam schaffen wir etwas wirklich Einzigartiges. Wir sind darauf spezialisiert, einzigartige Holzl\\u00f6sungen zu schaffen, die \\u00c4sthetik, Funktionalit\\u00e4t und Innovation miteinander verbinden. Wir glauben, dass jede Idee Potenzial hat. Deshalb arbeiten wir eng mit unseren Kunden zusammen - von der ersten Idee bis zum fertigen Produkt.\",\"margin\":\"medium\"}},{\"type\":\"divider\",\"props\":{\"divider_align\":\"center\",\"divider_element\":\"hr\",\"divider_style\":\"small\"}},{\"type\":\"text\",\"props\":{\"column_breakpoint\":\"m\",\"content\":\"\n\n<p>Unser Ansatz ist einfach: Keine Idee ist zu gro\\u00df, zu klein oder zu anders. Wir sch\\u00e4tzen die Kreativit\\u00e4t und die einzigartige Vision, die jeder Kunde mitbringt. Ganz gleich, ob Sie eine Skizze auf Papier, eine lose Idee oder einen detaillierten Plan haben, wir sind bereit, Ihre Gedanken in die Realit\\u00e4t umzusetzen.<\\\/p>\\n\n\n<p>Unser Prozess beginnt mit einer gr\\u00fcndlichen Ideenfindungsphase, in der wir gemeinsam mit Ihnen die M\\u00f6glichkeiten ausloten und festlegen, wie Ihre Vision am besten in Holz umgesetzt werden kann. Anschlie\\u00dfend gehen wir in die Entwurfsphase \\u00fcber, in der wir Ihre Vision mit unserem Fachwissen kombinieren, um eine L\\u00f6sung zu schaffen, die sowohl sch\\u00f6n als auch funktional ist.<\\\/p>\",\"margin\":\"medium\"}}]}]}]},{\"type\":\"section\",\"props\":{\"animation\":\"slide-bottom-medium\",\"animation_delay\":\"200\",\"divider_2_color\":\"#FFFFFF\",\"divider_2_flip\":true,\"divider_2_height\":\"120\",\"divider_2_invert\":false,\"divider_2_layers_gap\":\"5\",\"divider_2_layers_opacity\":\"0.5\",\"divider_2_responsive\":true,\"divider_2_shadow\":\"enable\",\"divider_2_shadow_blur_radius\":\"5\",\"divider_2_shadow_color\":\"rgba(0, 0, 0, 0.33)\",\"divider_2_shadow_expand_container\":false,\"divider_2_shadow_offset_x\":\"0\",\"divider_2_shadow_offset_y\":\"1\",\"divider_2_width\":\"100\",\"divider_color\":\"#FFFFFF\",\"divider_color_inherit_section\":false,\"divider_height\":\"120\",\"divider_invert\":false,\"divider_layers_gap\":\"5\",\"divider_layers_opacity\":\"0.5\",\"divider_position\":\"top-and-bottom\",\"divider_responsive\":true,\"divider_shadow\":\"enable\",\"divider_shadow_blur_radius\":\"5\",\"divider_shadow_color\":\"rgba(0, 0, 0, 0.33)\",\"divider_shadow_offset_x\":\"0\",\"divider_shadow_offset_y\":\"1\",\"divider_width\":\"100\",\"image_position\":\"center-center\",\"padding\":\"large\",\"padding_custom_bottom\":\"70\",\"padding_custom_top\":\"70\",\"padding_remove_bottom\":false,\"style\":\"muted\",\"style_custom_color\":\"#ccc\",\"title_breakpoint\":\"xl\",\"title_position\":\"top-left\",\"title_rotation\":\"left\",\"vertical_align\":\"middle\",\"width\":\"default\"},\"children\":[{\"type\":\"row\",\"children\":[{\"type\":\"column\",\"props\":{\"image_position\":\"center-center\",\"position_sticky_breakpoint\":\"m\"},\"children\":[{\"type\":\"grid\",\"props\":{\"content_column_breakpoint\":\"m\",\"filter\":true,\"filter_align\":\"center\",\"filter_all\":true,\"filter_all_label\":\"Alle\",\"filter_grid_breakpoint\":\"m\",\"filter_grid_width\":\"auto\",\"filter_position\":\"top\",\"filter_style\":\"subnav-pill\",\"grid_default\":\"1\",\"grid_medium\":\"2\",\"icon_width\":80,\"image_align\":\"left\",\"image_grid_breakpoint\":\"m\",\"image_grid_width\":\"1-2\",\"image_height\":\"960\",\"image_svg_color\":\"emphasis\",\"image_vertical_align\":true,\"image_width\":\"960\",\"item_animation\":true,\"lightbox_bg_close\":true,\"link_style\":\"text\",\"link_target\":false,\"link_text\":\"\",\"margin\":\"default\",\"meta_align\":\"below-title\",\"meta_element\":\"div\",\"meta_style\":\"text-meta\",\"panel_expand\":\"image\",\"panel_image_no_padding\":true,\"panel_link\":true,\"panel_link_hover\":\"true\",\"panel_padding\":\"default\",\"panel_style\":\"tile-default\",\"show_content\":true,\"show_hover_image\":true,\"show_hover_video\":true,\"show_image\":true,\"show_link\":true,\"show_meta\":true,\"show_title\":true,\"show_video\":true,\"title_align\":\"top\",\"title_element\":\"h3\",\"title_grid_breakpoint\":\"m\",\"title_grid_width\":\"1-2\",\"title_hover_style\":\"reset\"},\"children\":[{\"type\":\"grid_item\",\"props\":{\"link_text\":\"Weitere Informationen\",\"meta\":\"\"},\"source\":{\"query\":{\"name\":\"losnings.customLosnings\",\"arguments\":{\"users\":[],\"users_operator\":\"IN\",\"offset\":0,\"limit\":10,\"order\":\"date\",\"order_direction\":\"DESC\",\"terms\":[],\"losningstype_operator\":\"IN\"}},\"props\":{\"title\":{\"filters\":{\"search\":\"\"},\"name\":\"title\"},\"content\":{\"filters\":{\"search\":\"\"},\"name\":\"field.kort_introduktion\"},\"link\":{\"filters\":{\"search\":\"\"},\"name\":\"link\"},\"tags\":{\"filters\":{\"search\":\"\"},\"arguments\":{\"separator\":\", \",\"show_link\":true,\"link_style\":\"\"},\"name\":\"losningstypeString\"},\"image\":{\"filters\":{\"search\":\"\"},\"name\":\"field.intro_billede.url\"}}}}]}]}]}]},{\"type\":\"section\",\"props\":{\"divider_height\":\"120\",\"divider_layers_gap\":\"5\",\"divider_layers_opacity\":\"0.5\",\"divider_position\":\"top\",\"divider_responsive\":true,\"divider_shadow_blur_radius\":\"5\",\"divider_shadow_color\":\"#00000080\",\"divider_shadow_offset_x\":\"0\",\"divider_shadow_offset_y\":\"5\",\"divider_width\":\"100\",\"image\":\"wp-content\\\/uploads\\\/2024\\\/09\\\/denlab-texture_10.svg\",\"image_effect\":\"parallax\",\"image_parallax_bgy\":\"200 50%\",\"image_parallax_easing\":\"2\",\"image_position\":\"center-center\",\"image_size\":\"cover\",\"padding\":\"large\",\"padding_custom_bottom\":\"70\",\"padding_custom_top\":\"70\",\"style\":\"default\",\"style_custom_color\":\"#ccc\",\"title_breakpoint\":\"xl\",\"title_position\":\"top-left\",\"title_rotation\":\"left\",\"vertical_align\":\"middle\",\"width\":\"default\",\"yooessentials_access_conditions\":[],\"yooessentials_access_mode\":\"AND\",\"yooessentials_form\":{\"state\":true,\"after_submit_actions\":[{\"type\":\"email\",\"props\":{\"html\":true,\"attachments\":[null],\"submitted_attachments\":[null],\"subject\":\"Besked fra hjemmesiden\",\"recipients\":\"hello@denlab.dk\",\"body\":\"\n\n<p><strong>Fra<\\\/strong>: {name}<br \\\/><strong>Virksomhed<\\\/strong>: {company}<br \\\/><strong>Email<\\\/strong>: {email}<br \\\/><strong>Telefon<\\\/strong>: {phone}<\\\/p>\\n\n\n<p><strong>Besked<\\\/strong>:<br \\\/>{message}<\\\/p>\\n\n\n<p><\\\/p>\\n\n\n<p><\\\/p>\\n\n\n<hr \\\/>\\n\n\n<p><strong>IP<\\\/strong>: {ip}<br \\\/><strong>href<\\\/strong>: {href}<br \\\/><strong>Timestamp<\\\/strong>: {timestamp}<br \\\/><strong>Useragent<\\\/strong>: {useragent}<\\\/p>\"},\"id\":\"663207ad89613\"},{\"id\":\"AB2268\",\"type\":\"redirect\",\"props\":{\"redirect\":\"tak-for-din-besked\\\/\"}}],\"html5validation\":true,\"reset_after_submit\":true,\"override_action_url\":false,\"action_method\":\"POST\"}},\"children\":[{\"type\":\"row\",\"props\":{\"layout\":\"1-2,1-2\"},\"children\":[{\"type\":\"column\",\"props\":{\"image_position\":\"center-center\",\"position_sticky_breakpoint\":\"m\",\"style\":\"tile-muted\",\"vertical_align\":\"middle\",\"width_medium\":\"1-2\"},\"children\":[{\"type\":\"headline\",\"props\":{\"content\":\"Kontaktieren Sie uns heute\",\"margin\":\"small\",\"title_color\":\"primary\",\"title_element\":\"h2\",\"title_style\":\"heading-small\"}},{\"type\":\"headline\",\"props\":{\"content\":\"\n\n<p>Senden Sie uns hier eine Nachricht, <br \\\/>oder kontaktieren Sie uns per Telefon <a href=\\\"tel:+4530871111\\\" style=\\\"text-decoration: underline;\\\">30 87 11 11<\\\/a><\\\/p>\",\"margin_remove_top\":true,\"title_element\":\"h5\",\"title_style\":\"h3\"}},{\"type\":\"yooessentials_form_input\",\"props\":{\"control_icon_align\":\"left\",\"fullwidth\":true,\"grid_column_gap\":\"small\",\"grid_columns_number\":\"auto\",\"grid_row_gap\":\"small\",\"margin\":\"default\",\"show_icon\":true,\"show_label\":true},\"children\":[{\"type\":\"yooessentials_form_input_text\",\"props\":{\"control_icon_align\":\"left\",\"control_id_inherit\":true,\"control_name\":\"name\",\"control_placeholder\":\"Ihr Name\"}},{\"type\":\"yooessentials_form_input_text\",\"props\":{\"control_icon_align\":\"left\",\"control_id_inherit\":true,\"control_name\":\"company\",\"control_placeholder\":\"Ihr Unternehmen\"}},{\"type\":\"yooessentials_form_input_email\",\"props\":{\"control_id_inherit\":true,\"control_name\":\"email\",\"control_placeholder\":\"Deine E-Mail\"}},{\"type\":\"yooessentials_form_input_tel\",\"props\":{\"control_id_inherit\":true,\"control_name\":\"phone\",\"control_placeholder\":\"Ihre Telefonnummer.\"}}]},{\"type\":\"yooessentials_form_textarea\",\"props\":{\"control_id_inherit\":true,\"control_name\":\"message\",\"control_placeholder\":\"Ihre Nachricht\",\"control_rows\":4,\"control_width\":\"large\",\"margin\":\"default\"}},{\"type\":\"yooessentials_form_turnstile\",\"props\":{\"control_appearance\":\"always\",\"control_secret_key\":\"0x4AAAAAABIBQ8eB96vYlP0NyJh9Nz1my1k\",\"control_sitekey\":\"0x4AAAAAABIBQ7lX_kPunreH\",\"control_size\":\"normal\",\"control_theme\":\"light\"},\"name\":\"Form captcha Turnstile\"},{\"type\":\"fragment\",\"props\":{\"margin\":\"default\"},\"children\":[{\"type\":\"row\",\"children\":[{\"type\":\"column\",\"props\":{\"image_position\":\"center-center\",\"position_sticky_breakpoint\":\"m\"},\"children\":[{\"type\":\"yooessentials_form_hidden\",\"props\":{\"control_encrypt\":true,\"control_id_inherit\":true,\"control_name\":\"ip\"},\"source_extended\":{\"props\":{\"control_value\":{\"filters\":{\"search\":\"\"},\"name\":\"ip\",\"query\":{\"name\":\"yooessentials_request\"}}}},\"name\":\"IP\",\"source\":{}},{\"type\":\"yooessentials_form_hidden\",\"props\":{\"control_encrypt\":false,\"control_id_inherit\":true,\"control_name\":\"href\"},\"source_extended\":{\"props\":{\"control_value\":{\"filters\":{\"search\":\"\"},\"name\":\"href\",\"query\":{\"name\":\"yooessentials_request\"}}}},\"name\":\"href\",\"source\":{}},{\"type\":\"yooessentials_form_hidden\",\"props\":{\"control_encrypt\":false,\"control_id_inherit\":true,\"control_name\":\"timestamp\"},\"name\":\"timestamp\",\"source_extended\":{\"props\":{\"control_value\":{\"filters\":{\"search\":\"\",\"date\":\"\"},\"name\":\"time\",\"query\":{\"name\":\"yooessentials_request\"}}}},\"source\":{}},{\"type\":\"yooessentials_form_hidden\",\"props\":{\"control_encrypt\":false,\"control_id_inherit\":true,\"control_name\":\"useragent\"},\"name\":\"useragent\",\"source_extended\":{\"props\":{\"control_value\":{\"filters\":{\"search\":\"\"},\"name\":\"useragent\",\"query\":{\"name\":\"yooessentials_request\"}}}},\"source\":{}}]}]}]},{\"type\":\"yooessentials_form_button\",\"props\":{\"grid_column_gap\":\"small\",\"grid_row_gap\":\"small\",\"margin\":\"medium\"},\"children\":[{\"type\":\"yooessentials_form_button_item\",\"props\":{\"button_style\":\"primary\",\"content\":\"Eine Nachricht senden\",\"icon\":\"feather--send\",\"icon_align\":\"right\"}}]}]},{\"type\":\"column\",\"props\":{\"image_position\":\"center-center\",\"position_sticky_breakpoint\":\"m\",\"width_medium\":\"1-2\"},\"children\":[{\"type\":\"image\",\"props\":{\"height_expand\":true,\"image\":\"wp-content\\\/uploads\\\/2024\\\/09\\\/R6M25197.jpg\",\"image_box_decoration\":\"secondary\",\"image_box_shadow\":\"large\",\"image_height\":960,\"image_svg_color\":\"emphasis\",\"image_viewport_height\":false,\"image_width\":960,\"margin\":\"default\"}}]}]}],\"formid\":\"d14d2776\",\"name\":\"Kontakt 2.0\"}],\"version\":\"4.5.13\",\"yooessentialsVersion\":\"2.3.10\"} --><\/p>\n","protected":false},"excerpt":{"rendered":"<p>Unsere L\u00f6sungen Entwurf und Entwicklung von Ladeneinrichtungen und Modulen Von der Idee zur Wirklichkeit Ma\u00dfgeschneiderte L\u00f6sungen in Holz Bei DenLAB sind wir mehr als nur ein Hersteller &#8211; wir sind Ihr Partner w\u00e4hrend des gesamten Prozesses. Unser Ziel ist es, Holzl\u00f6sungen zu schaffen, die nicht nur Ihre Anforderungen erf\u00fcllen, sondern auch Ihre Erwartungen \u00fcbertreffen. Gemeinsam [&hellip;]<\/p>\n","protected":false},"author":2,"featured_media":0,"parent":0,"menu_order":0,"comment_status":"closed","ping_status":"closed","template":"","meta":{"_acf_changed":false,"footnotes":""},"class_list":["post-515","page","type-page","status-publish","hentry"],"acf":[],"yoast_head":"<!-- This site is optimized with the Yoast SEO plugin v24.8.1 - https:\/\/yoast.com\/wordpress\/plugins\/seo\/ -->\n<title>L\u00f6sungen - DENLAB<\/title>\n<meta name=\"robots\" content=\"index, follow, max-snippet:-1, max-image-preview:large, max-video-preview:-1\" \/>\n<link rel=\"canonical\" href=\"https:\/\/denlab.dk\/de\/loesungen\/\" \/>\n<meta property=\"og:locale\" content=\"de_DE\" \/>\n<meta property=\"og:type\" content=\"article\" \/>\n<meta property=\"og:title\" content=\"L\u00f6sungen - DENLAB\" \/>\n<meta property=\"og:description\" content=\"Unsere L\u00f6sungen Entwurf und Entwicklung von Ladeneinrichtungen und Modulen Von der Idee zur Wirklichkeit Ma\u00dfgeschneiderte L\u00f6sungen in Holz Bei DenLAB sind wir mehr als nur ein Hersteller &#8211; wir sind Ihr Partner w\u00e4hrend des gesamten Prozesses. Unser Ziel ist es, Holzl\u00f6sungen zu schaffen, die nicht nur Ihre Anforderungen erf\u00fcllen, sondern auch Ihre Erwartungen \u00fcbertreffen. Gemeinsam [&hellip;]\" \/>\n<meta property=\"og:url\" content=\"https:\/\/denlab.dk\/de\/loesungen\/\" \/>\n<meta property=\"og:site_name\" content=\"DENLAB\" \/>\n<meta property=\"article:modified_time\" content=\"2025-04-10T09:49:05+00:00\" \/>\n<meta name=\"twitter:card\" content=\"summary_large_image\" \/>\n<meta name=\"twitter:label1\" content=\"Gesch\u00e4tzte Lesezeit\" \/>\n\t<meta name=\"twitter:data1\" content=\"2\u00a0Minuten\" \/>\n<script type=\"application\/ld+json\" class=\"yoast-schema-graph\">{\"@context\":\"https:\/\/schema.org\",\"@graph\":[{\"@type\":\"WebPage\",\"@id\":\"https:\/\/denlab.dk\/de\/loesungen\/\",\"url\":\"https:\/\/denlab.dk\/de\/loesungen\/\",\"name\":\"L\u00f6sungen - DENLAB\",\"isPartOf\":{\"@id\":\"https:\/\/denlab.dk\/de\/#website\"},\"datePublished\":\"2024-06-21T08:56:53+00:00\",\"dateModified\":\"2025-04-10T09:49:05+00:00\",\"breadcrumb\":{\"@id\":\"https:\/\/denlab.dk\/de\/loesungen\/#breadcrumb\"},\"inLanguage\":\"de\",\"potentialAction\":[{\"@type\":\"ReadAction\",\"target\":[\"https:\/\/denlab.dk\/de\/loesungen\/\"]}]},{\"@type\":\"BreadcrumbList\",\"@id\":\"https:\/\/denlab.dk\/de\/loesungen\/#breadcrumb\",\"itemListElement\":[{\"@type\":\"ListItem\",\"position\":1,\"name\":\"Hjem\",\"item\":\"https:\/\/denlab.dk\/de\/\"},{\"@type\":\"ListItem\",\"position\":2,\"name\":\"L\u00f6sungen\"}]},{\"@type\":\"WebSite\",\"@id\":\"https:\/\/denlab.dk\/de\/#website\",\"url\":\"https:\/\/denlab.dk\/de\/\",\"name\":\"DENLAB\",\"description\":\"Innovativt h\u00e5ndv\u00e6rk med socialt fokus\",\"potentialAction\":[{\"@type\":\"SearchAction\",\"target\":{\"@type\":\"EntryPoint\",\"urlTemplate\":\"https:\/\/denlab.dk\/de\/?s={search_term_string}\"},\"query-input\":{\"@type\":\"PropertyValueSpecification\",\"valueRequired\":true,\"valueName\":\"search_term_string\"}}],\"inLanguage\":\"de\"}]}<\/script>\n<!-- \/ Yoast SEO plugin. -->","yoast_head_json":{"title":"L\u00f6sungen - DENLAB","robots":{"index":"index","follow":"follow","max-snippet":"max-snippet:-1","max-image-preview":"max-image-preview:large","max-video-preview":"max-video-preview:-1"},"canonical":"https:\/\/denlab.dk\/de\/loesungen\/","og_locale":"de_DE","og_type":"article","og_title":"L\u00f6sungen - DENLAB","og_description":"Unsere L\u00f6sungen Entwurf und Entwicklung von Ladeneinrichtungen und Modulen Von der Idee zur Wirklichkeit Ma\u00dfgeschneiderte L\u00f6sungen in Holz Bei DenLAB sind wir mehr als nur ein Hersteller &#8211; wir sind Ihr Partner w\u00e4hrend des gesamten Prozesses. Unser Ziel ist es, Holzl\u00f6sungen zu schaffen, die nicht nur Ihre Anforderungen erf\u00fcllen, sondern auch Ihre Erwartungen \u00fcbertreffen. Gemeinsam [&hellip;]","og_url":"https:\/\/denlab.dk\/de\/loesungen\/","og_site_name":"DENLAB","article_modified_time":"2025-04-10T09:49:05+00:00","twitter_card":"summary_large_image","twitter_misc":{"Gesch\u00e4tzte Lesezeit":"2\u00a0Minuten"},"schema":{"@context":"https:\/\/schema.org","@graph":[{"@type":"WebPage","@id":"https:\/\/denlab.dk\/de\/loesungen\/","url":"https:\/\/denlab.dk\/de\/loesungen\/","name":"L\u00f6sungen - DENLAB","isPartOf":{"@id":"https:\/\/denlab.dk\/de\/#website"},"datePublished":"2024-06-21T08:56:53+00:00","dateModified":"2025-04-10T09:49:05+00:00","breadcrumb":{"@id":"https:\/\/denlab.dk\/de\/loesungen\/#breadcrumb"},"inLanguage":"de","potentialAction":[{"@type":"ReadAction","target":["https:\/\/denlab.dk\/de\/loesungen\/"]}]},{"@type":"BreadcrumbList","@id":"https:\/\/denlab.dk\/de\/loesungen\/#breadcrumb","itemListElement":[{"@type":"ListItem","position":1,"name":"Hjem","item":"https:\/\/denlab.dk\/de\/"},{"@type":"ListItem","position":2,"name":"L\u00f6sungen"}]},{"@type":"WebSite","@id":"https:\/\/denlab.dk\/de\/#website","url":"https:\/\/denlab.dk\/de\/","name":"DENLAB","description":"Innovativt h\u00e5ndv\u00e6rk med socialt fokus","potentialAction":[{"@type":"SearchAction","target":{"@type":"EntryPoint","urlTemplate":"https:\/\/denlab.dk\/de\/?s={search_term_string}"},"query-input":{"@type":"PropertyValueSpecification","valueRequired":true,"valueName":"search_term_string"}}],"inLanguage":"de"}]}},"_links":{"self":[{"href":"https:\/\/denlab.dk\/de\/wp-json\/wp\/v2\/pages\/515","targetHints":{"allow":["GET"]}}],"collection":[{"href":"https:\/\/denlab.dk\/de\/wp-json\/wp\/v2\/pages"}],"about":[{"href":"https:\/\/denlab.dk\/de\/wp-json\/wp\/v2\/types\/page"}],"author":[{"embeddable":true,"href":"https:\/\/denlab.dk\/de\/wp-json\/wp\/v2\/users\/2"}],"replies":[{"embeddable":true,"href":"https:\/\/denlab.dk\/de\/wp-json\/wp\/v2\/comments?post=515"}],"version-history":[{"count":7,"href":"https:\/\/denlab.dk\/de\/wp-json\/wp\/v2\/pages\/515\/revisions"}],"predecessor-version":[{"id":635,"href":"https:\/\/denlab.dk\/de\/wp-json\/wp\/v2\/pages\/515\/revisions\/635"}],"wp:attachment":[{"href":"https:\/\/denlab.dk\/de\/wp-json\/wp\/v2\/media?parent=515"}],"curies":[{"name":"wp","href":"https:\/\/api.w.org\/{rel}","templated":true}]}}